{"id":1511,"date":"2022-08-18T09:22:08","date_gmt":"2022-08-18T09:22:08","guid":{"rendered":"https:\/\/visina.click.si\/?page_id=1511"},"modified":"2022-09-15T09:05:04","modified_gmt":"2022-09-15T07:05:04","slug":"piskotki","status":"publish","type":"page","link":"https:\/\/visina.click.si\/de\/piskotki\/","title":{"rendered":"Cookies"},"content":{"rendered":"<div data-elementor-type=\"wp-page\" data-elementor-id=\"1511\" class=\"elementor elementor-1511\" data-elementor-post-type=\"page\">\n\t\t\t\t\t\t<section class=\"elementor-section elementor-top-section elementor-element elementor-element-562bb72 elementor-section-height-min-height elementor-section-items-bottom elementor-section-boxed elementor-section-height-default\" data-id=\"562bb72\" data-element_type=\"section\" data-settings=\"{&quot;background_background&quot;:&quot;classic&quot;}\">\n\t\t\t\t\t\t<div class=\"elementor-container elementor-column-gap-default\">\n\t\t\t\t\t<div class=\"elementor-column elementor-col-100 elementor-top-column elementor-element elementor-element-07317f1\" data-id=\"07317f1\" data-element_type=\"column\">\n\t\t\t<div class=\"elementor-widget-wrap elementor-element-populated\">\n\t\t\t\t\t\t<div class=\"elementor-element elementor-element-175b348 elementor-widget elementor-widget-heading\" data-id=\"175b348\" data-element_type=\"widget\" data-widget_type=\"heading.default\">\n\t\t\t\t<div class=\"elementor-widget-container\">\n\t\t\t\t\t<h1 class=\"elementor-heading-title elementor-size-default\">Cookies<\/h1>\t\t\t\t<\/div>\n\t\t\t\t<\/div>\n\t\t\t\t<div class=\"elementor-element elementor-element-48166cb elementor-widget elementor-widget-spacer\" data-id=\"48166cb\" data-element_type=\"widget\" data-widget_type=\"spacer.default\">\n\t\t\t\t<div class=\"elementor-widget-container\">\n\t\t\t\t\t\t\t<div class=\"elementor-spacer\">\n\t\t\t<div class=\"elementor-spacer-inner\"><\/div>\n\t\t<\/div>\n\t\t\t\t\t\t<\/div>\n\t\t\t\t<\/div>\n\t\t\t\t\t<\/div>\n\t\t<\/div>\n\t\t\t\t\t<\/div>\n\t\t<\/section>\n\t\t\t\t<section class=\"elementor-section elementor-top-section elementor-element elementor-element-2334aef elementor-section-boxed elementor-section-height-default elementor-section-height-default\" data-id=\"2334aef\" data-element_type=\"section\">\n\t\t\t\t\t\t<div class=\"elementor-container elementor-column-gap-default\">\n\t\t\t\t\t<div class=\"elementor-column elementor-col-100 elementor-top-column elementor-element elementor-element-dc67c99\" data-id=\"dc67c99\" data-element_type=\"column\">\n\t\t\t<div class=\"elementor-widget-wrap elementor-element-populated\">\n\t\t\t\t\t\t<div class=\"elementor-element elementor-element-9c65959 elementor-widget elementor-widget-text-editor\" data-id=\"9c65959\" data-element_type=\"widget\" data-widget_type=\"text-editor.default\">\n\t\t\t\t<div class=\"elementor-widget-container\">\n\t\t\t\t\t\t\t\t\t<p>Ein Cookie ist eine Information \u00fcber einen Benutzer, die ein Webbrowser auf einem elektronischen Ger\u00e4t f\u00fcr die M\u00f6glichkeit einer weiteren Verwendung speichert. Hierbei handelt es sich um Informationen, die beim Besuch einer bestimmten Website auf dem Computer der Person gespeichert werden und zur Identifizierung, Verfolgung und Erfassung spezifischer Informationen \u00fcber Internetnutzer, wie z. B. Pr\u00e4ferenzen f\u00fcr bestimmte Seiten\/Inhalte oder Online-Einkaufsgewohnheiten.<\/p><p class=\"translation-block\">Cookies sind daher sehr wichtig, um ein positives Erlebnis f\u00fcr den Website-Besucher zu gew\u00e4hrleisten. Weitere Informationen zu Cookies finden Sie unter <a href=\"https:\/\/www.allaboutcookies.org\/\" target=\"_self\">https:\/\/www.allaboutcookies.org\/<\/a>.<\/p><p>Auf der Website gibt es folgende Arten von Cookies:<\/p><ul><li>Za\u010dasni ali sejni pi\u0161kotki:<ul><li>so shranjeni za \u010das trajanja seje brskanja in se bri\u0161ejo s potekom seje<\/li><li>so obvezni za pravilno delovanje dolo\u010denih aplikacij oz. funkcionalnosti na spletnih straneh<\/li><\/ul><\/li><li>Trajni ali shranjeni pi\u0161kotki:<ul><li>se uporabljajo za izbolj\u0161anje uporabni\u0161kih izku\u0161enj<\/li><li>ostanejo v datoteki pi\u0161kotkov dalj\u0161e obdobje (odvisno od izbire, ki jo uporabnik izvede v nastavitvah svojega internetnega brskalnika)<\/li><\/ul><\/li><li>Lastni pi\u0161kotki:<ul><li>so lahko trajni ali za\u010dasni. Te pi\u0161kotki se uporabljajo za shranjevanje informacij, ki jih bo spletna stran znova uporabila, ko uporabnik naslednji\u010d obi\u0161\u010de to mesto;<\/li><\/ul><\/li><li>Drugi pi\u0161kotki:<ul><li>izvirajo od drugih, partnerskih spletnih mest (ki na primer merijo promet). Gre za zbiranje podatkov o uporabnikih iz razli\u010dnih spletnih mest in jih uporabljajo za razli\u010dne namene, od ogla\u0161evanja, analitike pa do izbolj\u0161ave svojih produktov.<\/li><\/ul><\/li><\/ul><p>Es gibt auch die folgende Weitergabe von Cookies:<\/p><ul><li>nujno potrebni pi\u0161kotki:<ul><li>omogo\u010dajo osnovne funkcije (navigacija po strani, dostop do varnih obmo\u010dij, zapomnitev uporabnikovih vnosov v spletne obrazce, nakupovalno ko\u0161arico)<\/li><li>se uporabljajo za prilagoditev nastavitev uporabnikovim \u017eeljam (na\u010din razvr\u0161\u010danja rezultatov\/vsebine)<\/li><li>tehni\u010dno brezhibno in nemoteno delovanje spletne strani je brez teh pi\u0161kotkov onemogo\u010deno<\/li><\/ul><\/li><\/ul><ul><li>pi\u0161kotki za statistiko:<ul><li>zbirajo podatke o tem, kako se spletna mesta uporabljajo. Namen je izbolj\u0161anje njihove privla\u010dnosti, vsebin in funkcionalnosti. Uporaba teh pi\u0161kotkov poteka samo z va\u0161o privolitvijo.<\/li><li>gre za Google Analytics \u2013 orodje za analizo spletnih strani (tekstovne datoteke se shranjujejo na obiskoval\u010devem ra\u010dunalniku in omogo\u010dajo analizo njegove uporabe spletne strani. Uporablja se za vrednotenje obiskoval\u010deve uporabe spletnega mesta, za sestavljanje poro\u010dil o aktivnostih na spletnih straneh in za nadaljnjo izvedbo storitev, povezanih z uporabo spletnih strani in interneta.<\/li><li>shranjevanje pi\u0161kotkov in evidentiranje podatkov, proizvedenih s pi\u0161kotki, in vezanih na uporabo spletnega mesta lahko uporabnik onemogo\u010di z ustreznimi nastavitvami svoje programske opreme brskalnika. V primeru izklopa lahko pride do tega, da obiskovalec ne bo mogel koristiti vseh funkcij tega spletnega mesta, u\u010dinkovitost spletne strani je lahko slab\u0161a. Svoje nastavitve lahko spremeni v brskalniku: https:\/\/adssettings.google.com\/.<\/li><\/ul><\/li><\/ul><p>Die Installation von Cookies erfordert die Zustimmung des Nutzers. Wenn die Website eine genauere Beziehung zum Benutzer hat (Benutzerkonto, Registrierung, Profil), ist die Einholung der Einwilligung bereits im Registrierungsprozess des Benutzers enthalten.<\/p>\t\t\t\t\t\t\t\t<\/div>\n\t\t\t\t<\/div>\n\t\t\t\t\t<\/div>\n\t\t<\/div>\n\t\t\t\t\t<\/div>\n\t\t<\/section>\n\t\t\t\t<\/div>","protected":false},"excerpt":{"rendered":"<p>Pi\u0161kotki Pi\u0161kotek (angl. cookie) je podatek o uporabniku, ki ga spletni brskalnik shrani na elektronski napravi za mo\u017enost nadaljnje uporabe. Gre za informacije, ki se ob obisku posamezne spletne strani shranijo na posameznikov ra\u010dunalnik in so ob ponovnem obisku iste strani uporabljene za prepoznavanje, sledenje in zbiranje specifi\u010dnih informacij o internetnih uporabnikih, kot so npr. [&hellip;]<\/p>","protected":false},"author":1,"featured_media":0,"parent":0,"menu_order":0,"comment_status":"closed","ping_status":"closed","template":"","meta":{"om_disable_all_campaigns":false,"inline_featured_image":false,"_monsterinsights_skip_tracking":false,"_monsterinsights_sitenote_active":false,"_monsterinsights_sitenote_note":"","_monsterinsights_sitenote_category":0,"footnotes":""},"class_list":["post-1511","page","type-page","status-publish","hentry"],"aioseo_notices":[],"_links":{"self":[{"href":"https:\/\/visina.click.si\/de\/wp-json\/wp\/v2\/pages\/1511","targetHints":{"allow":["GET"]}}],"collection":[{"href":"https:\/\/visina.click.si\/de\/wp-json\/wp\/v2\/pages"}],"about":[{"href":"https:\/\/visina.click.si\/de\/wp-json\/wp\/v2\/types\/page"}],"author":[{"embeddable":true,"href":"https:\/\/visina.click.si\/de\/wp-json\/wp\/v2\/users\/1"}],"replies":[{"embeddable":true,"href":"https:\/\/visina.click.si\/de\/wp-json\/wp\/v2\/comments?post=1511"}],"version-history":[{"count":7,"href":"https:\/\/visina.click.si\/de\/wp-json\/wp\/v2\/pages\/1511\/revisions"}],"predecessor-version":[{"id":2042,"href":"https:\/\/visina.click.si\/de\/wp-json\/wp\/v2\/pages\/1511\/revisions\/2042"}],"wp:attachment":[{"href":"https:\/\/visina.click.si\/de\/wp-json\/wp\/v2\/media?parent=1511"}],"curies":[{"name":"wp","href":"https:\/\/api.w.org\/{rel}","templated":true}]}}