{"id":3,"date":"2022-07-14T07:27:06","date_gmt":"2022-07-14T07:27:06","guid":{"rendered":"https:\/\/visina.click.si\/?page_id=3"},"modified":"2022-10-03T11:08:59","modified_gmt":"2022-10-03T09:08:59","slug":"politika-zasebnosti","status":"publish","type":"page","link":"https:\/\/visina.click.si\/de\/politika-zasebnosti\/","title":{"rendered":"Datenschutzrichtlinie"},"content":{"rendered":"<div data-elementor-type=\"wp-page\" data-elementor-id=\"3\" class=\"elementor elementor-3\" data-elementor-post-type=\"page\">\n\t\t\t\t\t\t<section class=\"elementor-section elementor-top-section elementor-element elementor-element-9b2012b elementor-section-height-min-height elementor-section-boxed elementor-section-height-default elementor-section-items-middle\" data-id=\"9b2012b\" data-element_type=\"section\" data-settings=\"{&quot;background_background&quot;:&quot;classic&quot;}\">\n\t\t\t\t\t\t<div class=\"elementor-container elementor-column-gap-default\">\n\t\t\t\t\t<div class=\"elementor-column elementor-col-100 elementor-top-column elementor-element elementor-element-2f794f2\" data-id=\"2f794f2\" data-element_type=\"column\">\n\t\t\t<div class=\"elementor-widget-wrap elementor-element-populated\">\n\t\t\t\t\t\t<div class=\"elementor-element elementor-element-d734d2c elementor-widget elementor-widget-heading\" data-id=\"d734d2c\" data-element_type=\"widget\" data-widget_type=\"heading.default\">\n\t\t\t\t<div class=\"elementor-widget-container\">\n\t\t\t\t\t<h1 class=\"elementor-heading-title elementor-size-default\">Datenschutzrichtlinie<\/h1>\t\t\t\t<\/div>\n\t\t\t\t<\/div>\n\t\t\t\t\t<\/div>\n\t\t<\/div>\n\t\t\t\t\t<\/div>\n\t\t<\/section>\n\t\t\t\t<section class=\"elementor-section elementor-top-section elementor-element elementor-element-1ae66be elementor-section-boxed elementor-section-height-default elementor-section-height-default\" data-id=\"1ae66be\" data-element_type=\"section\">\n\t\t\t\t\t\t<div class=\"elementor-container elementor-column-gap-default\">\n\t\t\t\t\t<div class=\"elementor-column elementor-col-100 elementor-top-column elementor-element elementor-element-4b66f00\" data-id=\"4b66f00\" data-element_type=\"column\">\n\t\t\t<div class=\"elementor-widget-wrap elementor-element-populated\">\n\t\t\t\t\t\t<div class=\"elementor-element elementor-element-d04c0ff elementor-widget elementor-widget-text-editor\" data-id=\"d04c0ff\" data-element_type=\"widget\" data-widget_type=\"text-editor.default\">\n\t\t\t\t<div class=\"elementor-widget-container\">\n\t\t\t\t\t\t\t\t\t<h3>Erkl\u00e4rung zur Informationspflicht<\/h3>\n<p>Der Schutz Ihrer pers\u00f6nlichen Daten ist uns sehr wichtig. Wir verarbeiten Ihre Daten ausschlie\u00dflich auf Grundlage der gesetzlichen Bestimmungen (Datenschutz-Grundverordnung \u2013 Verordnung (EU) 2016\/679, Datenschutz-\u00c4nderungsgesetz 2018, Telekommunikationsgesetz 2003). In diesen Datenschutzinformationen informieren wir Sie \u00fcber wichtige Aspekte der Datenverarbeitung im Rahmen unserer Website.<\/p>\n<h3>Ihre Informationen<\/h3>\n<p class=\"translation-block\"><strong>Erhebung und Verarbeitung Ihrer Daten<\/strong><br>Die Verarbeitung personenbezogener Daten, die Sie unseren Diensten und Portalen freiwillig zur Verf\u00fcgung stellen, ist erforderlich, um Ihre Anfragen, Bestellungen, W\u00fcnsche etc. bearbeiten zu k\u00f6nnen. Wir bereiten Vertr\u00e4ge vor, schlie\u00dfen sie ab und senden Ihnen E-News.<\/p>\n<p class=\"translation-block\"><strong>Datenweitergabe<\/strong><br>Ihre Daten innerhalb von <em>Vi\u0161ina d.o.o.<\/em> werden nur dann weitergegeben, wenn dies der Erf\u00fcllung Ihrer Anfrage oder Ihres Interesses dient. Wir sch\u00fctzen die Vertraulichkeit Ihrer Daten und werden diese nicht verkaufen, vermieten oder Dritten zug\u00e4nglich machen.<\/p>\n<p>Die Vermittlung an staatliche Institutionen und Stellen erfolgt nur im Rahmen zwingender nationaler Rechtsvorschriften.<\/p>\n<h3>Ihre Rechte<\/h3>\n<p>Ihnen stehen grunds\u00e4tzlich die Rechte auf Auskunft, Berichtigung, L\u00f6schung, Einschr\u00e4nkung, Daten\u00fcbertragbarkeit, L\u00f6schung und Widerspruch zu. Wenn Sie glauben, dass die Verarbeitung Ihrer Daten gegen das Datenschutzrecht verst\u00f6\u00dft oder Ihre datenschutzrechtlichen Anspr\u00fcche sonst in einer Weise verletzt worden sind, k\u00f6nnen Sie sich bei der Aufsichtsbeh\u00f6rde beschweren.<\/p>\n<p class=\"translation-block\">Sie haben das Recht, von Vi\u0161ina d.o.o. Auskunft \u00fcber die von uns \u00fcber Sie gespeicherten personenbezogenen Daten zu verlangen. Dar\u00fcber hinaus haben Sie das Recht, die Berichtigung, L\u00f6schung, Einschr\u00e4nkung oder Einstellung der Verarbeitung der Daten sowie die \u00dcbermittlung der gespeicherten Daten an Sie oder einen von Ihnen benannten Dritten in geeigneter Form zu verlangen.<\/p>\n<p>Wenn Ihre Anfrage nicht bearbeitet werden kann oder Werden Ihre Beschwerden nicht innerhalb eines Monats nach Erhalt bearbeitet, haben Sie das Recht, eine Beschwerde bei der Aufsichtsbeh\u00f6rde einzureichen. Die zust\u00e4ndige Aufsichtsbeh\u00f6rde ist der Informationsbeauftragte der Republik Slowenien.<\/p>\n<p>Svoje zahteve lahko po po\u0161ti ali po e-po\u0161ti po\u0161ljete na naslednje naslove:<\/p>\n<p><em>Vi\u0161ina d.o.o.<\/em><\/p>\n<p><em>Sermin 71a,<\/em><\/p>\n<p><i>6000 Koper<\/i><\/p>\n<p>Bitte geben Sie Ihre Kontaktdaten, den Namen der Website oder des jeweiligen Dienstes sowie eine detaillierte Beschreibung Ihres Anliegens an bzw Datenschutzeinstellungen.<\/p>\n<p>Bitte haben Sie Verst\u00e4ndnis daf\u00fcr, dass wir zu Ihrer Sicherheit vor Anfragen oder Anspr\u00fcchen unbefugter Dritter Ausk\u00fcnfte ausschlie\u00dflich schriftlich an die von Ihnen auf den jeweiligen Portalen angegebene Postanschrift erteilen.<\/p>\t\t\t\t\t\t\t\t<\/div>\n\t\t\t\t<\/div>\n\t\t\t\t\t<\/div>\n\t\t<\/div>\n\t\t\t\t\t<\/div>\n\t\t<\/section>\n\t\t\t\t<\/div>","protected":false},"excerpt":{"rendered":"<p>Politika zasebnosti Izjava o obveznosti obve\u0161\u010danja Varstvo va\u0161ih osebnih podatkov je za nas zelo pomembno. Va\u0161e podatke obdelujemo izklju\u010dno na podlagi zakonskih dolo\u010db (Splo\u0161na uredba o varstvu podatkov \u2013 Uredba (EU) 2016\/679, Zakon o spremembi zakona o varstvu podatkov 2018, Zakon o telekomunikacijah 2003). V pri\u010dujo\u010dih informacijah o varstvu podatkov vas obve\u0161\u010damo o pomembnih vidikih [&hellip;]<\/p>","protected":false},"author":1,"featured_media":0,"parent":0,"menu_order":0,"comment_status":"closed","ping_status":"open","template":"","meta":{"om_disable_all_campaigns":false,"inline_featured_image":false,"_monsterinsights_skip_tracking":false,"_monsterinsights_sitenote_active":false,"_monsterinsights_sitenote_note":"","_monsterinsights_sitenote_category":0,"footnotes":""},"class_list":["post-3","page","type-page","status-publish","hentry"],"aioseo_notices":[],"_links":{"self":[{"href":"https:\/\/visina.click.si\/de\/wp-json\/wp\/v2\/pages\/3","targetHints":{"allow":["GET"]}}],"collection":[{"href":"https:\/\/visina.click.si\/de\/wp-json\/wp\/v2\/pages"}],"about":[{"href":"https:\/\/visina.click.si\/de\/wp-json\/wp\/v2\/types\/page"}],"author":[{"embeddable":true,"href":"https:\/\/visina.click.si\/de\/wp-json\/wp\/v2\/users\/1"}],"replies":[{"embeddable":true,"href":"https:\/\/visina.click.si\/de\/wp-json\/wp\/v2\/comments?post=3"}],"version-history":[{"count":4,"href":"https:\/\/visina.click.si\/de\/wp-json\/wp\/v2\/pages\/3\/revisions"}],"predecessor-version":[{"id":2160,"href":"https:\/\/visina.click.si\/de\/wp-json\/wp\/v2\/pages\/3\/revisions\/2160"}],"wp:attachment":[{"href":"https:\/\/visina.click.si\/de\/wp-json\/wp\/v2\/media?parent=3"}],"curies":[{"name":"wp","href":"https:\/\/api.w.org\/{rel}","templated":true}]}}