{"id":650,"date":"2022-08-05T13:40:43","date_gmt":"2022-08-05T13:40:43","guid":{"rendered":"https:\/\/visina.click.si\/?page_id=650"},"modified":"2022-08-16T09:45:20","modified_gmt":"2022-08-16T09:45:20","slug":"pravno-obvestilo","status":"publish","type":"page","link":"https:\/\/visina.click.si\/de\/pravno-obvestilo\/","title":{"rendered":"Rechtlicher Hinweis"},"content":{"rendered":"<div data-elementor-type=\"wp-page\" data-elementor-id=\"650\" class=\"elementor elementor-650\" data-elementor-post-type=\"page\">\n\t\t\t\t\t\t<section class=\"elementor-section elementor-top-section elementor-element elementor-element-5c04b824 elementor-section-height-min-height elementor-section-items-bottom elementor-section-boxed elementor-section-height-default\" data-id=\"5c04b824\" data-element_type=\"section\" data-settings=\"{&quot;background_background&quot;:&quot;classic&quot;}\">\n\t\t\t\t\t\t<div class=\"elementor-container elementor-column-gap-default\">\n\t\t\t\t\t<div class=\"elementor-column elementor-col-100 elementor-top-column elementor-element elementor-element-2dd76075\" data-id=\"2dd76075\" data-element_type=\"column\">\n\t\t\t<div class=\"elementor-widget-wrap elementor-element-populated\">\n\t\t\t\t\t\t<div class=\"elementor-element elementor-element-56dd47c2 elementor-widget elementor-widget-heading\" data-id=\"56dd47c2\" data-element_type=\"widget\" data-widget_type=\"heading.default\">\n\t\t\t\t<div class=\"elementor-widget-container\">\n\t\t\t\t\t<h1 class=\"elementor-heading-title elementor-size-default\">Rechtlicher Hinweis<\/h1>\t\t\t\t<\/div>\n\t\t\t\t<\/div>\n\t\t\t\t<div class=\"elementor-element elementor-element-6a3a6d0e elementor-widget elementor-widget-spacer\" data-id=\"6a3a6d0e\" data-element_type=\"widget\" data-widget_type=\"spacer.default\">\n\t\t\t\t<div class=\"elementor-widget-container\">\n\t\t\t\t\t\t\t<div class=\"elementor-spacer\">\n\t\t\t<div class=\"elementor-spacer-inner\"><\/div>\n\t\t<\/div>\n\t\t\t\t\t\t<\/div>\n\t\t\t\t<\/div>\n\t\t\t\t\t<\/div>\n\t\t<\/div>\n\t\t\t\t\t<\/div>\n\t\t<\/section>\n\t\t\t\t<section class=\"elementor-section elementor-top-section elementor-element elementor-element-41f9241d elementor-section-boxed elementor-section-height-default elementor-section-height-default\" data-id=\"41f9241d\" data-element_type=\"section\">\n\t\t\t\t\t\t<div class=\"elementor-container elementor-column-gap-default\">\n\t\t\t\t\t<div class=\"elementor-column elementor-col-100 elementor-top-column elementor-element elementor-element-51bd242\" data-id=\"51bd242\" data-element_type=\"column\">\n\t\t\t<div class=\"elementor-widget-wrap elementor-element-populated\">\n\t\t\t\t\t\t<div class=\"elementor-element elementor-element-fc921b4 elementor-widget elementor-widget-text-editor\" data-id=\"fc921b4\" data-element_type=\"widget\" data-widget_type=\"text-editor.default\">\n\t\t\t\t<div class=\"elementor-widget-container\">\n\t\t\t\t\t\t\t\t\t<h4><strong>Schutz der Rechte<\/strong><\/h4><p>Gegenstand dieser Mitteilung ist die Website www.visina.si.<\/p><p>Alle Inhalte auf diesen Websites sind Eigentum von VI\u0160INA d.o.o. (im Folgenden: VI\u0160INA) und ist informativ.\u00a0<\/p><p>Bei VI\u0160INA haben wir unsere Website mit dem Ziel gestaltet, allgemeine Informationen \u00fcber das Unternehmen und Neuigkeiten aus der Gesch\u00e4ftswelt bereitzustellen.<\/p><p>Durch Betreten eines beliebigen Bereichs der VI\u0160INA-Website stimmen Sie allen hierin dargelegten Einschr\u00e4nkungen und Bedingungen zu. Wenn Sie damit nicht einverstanden sind, betreten Sie diese Seite bitte nicht. Wir empfehlen Ihnen, unsere Website zu besuchen und die aktuellen Nutzungsbedingungen zu pr\u00fcfen, da diese rechtsverbindlich sind.<\/p><p>Offizielle, rechtliche und formelle Informationen \u00fcber das Unternehmen und seine Gesch\u00e4ftst\u00e4tigkeit k\u00f6nnen von den Informationen auf der Website des Unternehmens abweichen.<\/p><p>\u00a0<\/p><h4><strong>Haftungsbeschr\u00e4nkung<\/strong><\/h4><p>VI\u0160INA wird sein Bestes tun, um auf seinen Seiten die genauesten und aktuellsten Informationen bereitzustellen. Die Benutzer der Website werden jedoch darauf hingewiesen, dass die Texte informativen Charakter haben und daher keine Garantie und Haftung f\u00fcr deren Richtigkeit \u00fcbernehmen Vollst\u00e4ndigkeit der Seiten. Alle Besucher nutzen die ver\u00f6ffentlichten Inhalte auf eigenes Risiko. VI\u0160INA beh\u00e4lt sich das Recht vor, den Inhalt dieser Websites jederzeit und ohne vorherige Ank\u00fcndigung zu \u00e4ndern, hinzuzuf\u00fcgen oder zu entfernen.<\/p><p>Weder VI\u0160INA noch eine andere juristische oder nat\u00fcrliche Person, die an der Erstellung und Erstellung dieser Websites beteiligt war, haften f\u00fcr das gelegentliche Nichtfunktionieren der Website, f\u00fcr m\u00f6gliche Ungenauigkeiten von Informationen oder f\u00fcr m\u00f6gliche Sch\u00e4den, die durch die Verwendung unrichtiger oder unvollst\u00e4ndiger Informationen entstehen. Daher haftet sie nicht f\u00fcr Sch\u00e4den oder Unannehmlichkeiten, die sich aus der Existenz der Websites, aus dem Zugriff auf und\/oder der Nutzung und\/oder der Unm\u00f6glichkeit der Nutzung der Informationen auf diesen Websites ergeben und\/oder f\u00fcr etwaige Fehler oder M\u00e4ngel in deren Inhalt, unabh\u00e4ngig davon ob \u00fcber die M\u00f6glichkeit eines solchen Schadens informiert wurde.<\/p><p>Auf der VI\u0160INA-Website gibt es auch Links zu anderen Websites, Referenzen und Partnern, die in keiner Weise mit VI\u0160INA verbunden sind. VI\u0160INA kann die Richtigkeit des Inhalts einer Website, zu der es einen Link oder einen Verweis bereitstellt, weder garantieren noch Beschwerden entgegennehmen oder weiterleiten und \u00fcbernimmt keine Verantwortung f\u00fcr den Datenschutz auf diesen Websites.<\/p><h4>\u00a0<\/h4><h4><strong>Copyright<\/strong><\/h4><p>Alle auf der Website ver\u00f6ffentlichten Informationen und Bilder (Texte, Fotos, Skizzen, Karten und Pl\u00e4ne, Computerprogramme) unterliegen dem Urheberrechtsschutz gem\u00e4\u00df dem Gesetz \u00fcber Urheberrecht und verwandte Schutzrechte (Amtsblatt der Republik Slowenien, Nr. 21\/1995 mit \u00c4nderungen). Sie d\u00fcrfen ausschlie\u00dflich f\u00fcr Bildungszwecke und nichtkommerzielle Zwecke verwendet werden. S\u00e4mtliche Urheberrechts- oder sonstigen Rechtehinweise m\u00fcssen erhalten bleiben und d\u00fcrfen nicht f\u00fcr kommerzielle Zwecke kopiert, reproduziert oder anderweitig verbreitet werden. Bei jeder Vervielf\u00e4ltigung (Kopieren, Reproduktion, Ver\u00f6ffentlichung, \u00dcbertragung) muss VI\u0160INA als Quelle angegeben werden.<\/p><p>VI\u0160INA beh\u00e4lt sich das Recht vor, die auf dieser Website ver\u00f6ffentlichten Inhalte jederzeit und auf beliebige Weise, unabh\u00e4ngig vom Grund und ohne vorherige Ank\u00fcndigung ganz oder teilweise zu \u00e4ndern, zu erg\u00e4nzen oder zu entfernen. Alle Nutzer nutzen alle ver\u00f6ffentlichten Inhalte auf eigenes Risiko.<\/p><h4>\u00a0<\/h4><h4><strong>Datenschutz<\/strong><\/h4><p>VI\u0160INA verpflichtet sich, die Vertraulichkeit der personenbezogenen Daten der Website-Benutzer zu sch\u00fctzen. Wir werden die gesammelten Informationen ausschlie\u00dflich zur Verbesserung der Nutzung der Website und f\u00fcr die Zwecke verwenden, f\u00fcr die sie von den Benutzern der Website bereitgestellt werden. Pers\u00f6nliche Daten und Kontaktdaten werden nicht f\u00fcr andere Zwecke verwendet und ohne ausdr\u00fcckliche Zustimmung des Website-Benutzers nicht an Dritte weitergegeben. Wir werden unser M\u00f6glichstes tun, um Ihre personenbezogenen Daten vor Verst\u00f6\u00dfen und Missbrauch zu sch\u00fctzen.<\/p>\t\t\t\t\t\t\t\t<\/div>\n\t\t\t\t<\/div>\n\t\t\t\t\t<\/div>\n\t\t<\/div>\n\t\t\t\t\t<\/div>\n\t\t<\/section>\n\t\t\t\t<\/div>","protected":false},"excerpt":{"rendered":"<p>Pravno obvestilo Za\u0161\u010dita pravic Predmet tega obvestila so spletne strani na naslovu www.visina.si. Vse vsebine na teh spletnih straneh so last podjetja VI\u0160INA d.o.o. (v nadaljevanju: VI\u0160INA) in je informativne narave.\u00a0 V podjetju VI\u0160INA smo na\u0161e spletno mesto oblikovali z namenom omogo\u010diti splo\u0161ne informacije o podjetju in novice s poslovnega sveta. Vstop v katerokoli podro\u010dje [&hellip;]<\/p>","protected":false},"author":1,"featured_media":0,"parent":0,"menu_order":0,"comment_status":"closed","ping_status":"closed","template":"","meta":{"om_disable_all_campaigns":false,"inline_featured_image":false,"_monsterinsights_skip_tracking":false,"_monsterinsights_sitenote_active":false,"_monsterinsights_sitenote_note":"","_monsterinsights_sitenote_category":0,"footnotes":""},"class_list":["post-650","page","type-page","status-publish","hentry"],"aioseo_notices":[],"_links":{"self":[{"href":"https:\/\/visina.click.si\/de\/wp-json\/wp\/v2\/pages\/650","targetHints":{"allow":["GET"]}}],"collection":[{"href":"https:\/\/visina.click.si\/de\/wp-json\/wp\/v2\/pages"}],"about":[{"href":"https:\/\/visina.click.si\/de\/wp-json\/wp\/v2\/types\/page"}],"author":[{"embeddable":true,"href":"https:\/\/visina.click.si\/de\/wp-json\/wp\/v2\/users\/1"}],"replies":[{"embeddable":true,"href":"https:\/\/visina.click.si\/de\/wp-json\/wp\/v2\/comments?post=650"}],"version-history":[{"count":7,"href":"https:\/\/visina.click.si\/de\/wp-json\/wp\/v2\/pages\/650\/revisions"}],"predecessor-version":[{"id":1153,"href":"https:\/\/visina.click.si\/de\/wp-json\/wp\/v2\/pages\/650\/revisions\/1153"}],"wp:attachment":[{"href":"https:\/\/visina.click.si\/de\/wp-json\/wp\/v2\/media?parent=650"}],"curies":[{"name":"wp","href":"https:\/\/api.w.org\/{rel}","templated":true}]}}