{"id":2641,"date":"2023-05-17T14:51:42","date_gmt":"2023-05-17T12:51:42","guid":{"rendered":"https:\/\/visina.click.si\/?post_type=product&#038;p=2641"},"modified":"2023-05-26T14:32:12","modified_gmt":"2023-05-26T12:32:12","slug":"haulotte-h-12-sx","status":"publish","type":"product","link":"https:\/\/visina.click.si\/de\/najem\/skarjaste-dvizne-kosare\/haulotte-h-12-sx\/","title":{"rendered":"HAULOTTE H 12 SX"},"content":{"rendered":"<p><strong>Arbeitsh\u00f6he:<\/strong>\u00a012 m<br \/>\n<strong>Plattformh\u00f6he:<\/strong>\u00a010 m<br \/>\n<strong>Tragf\u00e4higkeit der Plattform:<br \/>\n<\/strong>(z 1 podalj\u0161kom) 900 kg<br \/>\n(z 2 podalj\u0161koma) 700 kg<br \/>\n<strong>Maschinengewicht:<\/strong>\u00a05.350 kg<br \/>\n&nbsp;<\/p>\n<p><a class=\"read-more-btn\" href=\"\/wp-content\/uploads\/2022\/09\/HAULOTTE-H-12-SX.pdf\" target=\"_blank\" rel=\"noopener\">Mehr lesen<\/a><\/p>","protected":false},"excerpt":{"rendered":"<p>Delovna vi\u0161ina:\u00a012 m Vi\u0161ina platforme:\u00a010 m Nosilnost platforme: (z 1 podalj\u0161kom) 900 kg (z 2 podalj\u0161koma) 700 kg Te\u017ea stroja:\u00a05.350 kg &nbsp; Preberi ve\u010d<\/p>","protected":false},"featured_media":2642,"template":"","meta":{"om_disable_all_campaigns":false,"inline_featured_image":false,"_monsterinsights_skip_tracking":false,"_monsterinsights_sitenote_active":false,"_monsterinsights_sitenote_note":"","_monsterinsights_sitenote_category":0},"product_brand":[],"product_cat":[44],"product_tag":[],"class_list":{"0":"post-2641","1":"product","2":"type-product","3":"status-publish","4":"has-post-thumbnail","6":"product_cat-skarjaste-dvizne-kosare","7":"pa_pogon-dizel","9":"first","10":"instock","11":"shipping-taxable","12":"purchasable","13":"product-type-simple"},"aioseo_notices":[],"_links":{"self":[{"href":"https:\/\/visina.click.si\/de\/wp-json\/wp\/v2\/product\/2641","targetHints":{"allow":["GET"]}}],"collection":[{"href":"https:\/\/visina.click.si\/de\/wp-json\/wp\/v2\/product"}],"about":[{"href":"https:\/\/visina.click.si\/de\/wp-json\/wp\/v2\/types\/product"}],"wp:featuredmedia":[{"embeddable":true,"href":"https:\/\/visina.click.si\/de\/wp-json\/wp\/v2\/media\/2642"}],"wp:attachment":[{"href":"https:\/\/visina.click.si\/de\/wp-json\/wp\/v2\/media?parent=2641"}],"wp:term":[{"taxonomy":"product_brand","embeddable":true,"href":"https:\/\/visina.click.si\/de\/wp-json\/wp\/v2\/product_brand?post=2641"},{"taxonomy":"product_cat","embeddable":true,"href":"https:\/\/visina.click.si\/de\/wp-json\/wp\/v2\/product_cat?post=2641"},{"taxonomy":"product_tag","embeddable":true,"href":"https:\/\/visina.click.si\/de\/wp-json\/wp\/v2\/product_tag?post=2641"}],"curies":[{"name":"wp","href":"https:\/\/api.w.org\/{rel}","templated":true}]}}