{"id":2710,"date":"2023-05-22T14:25:15","date_gmt":"2023-05-22T12:25:15","guid":{"rendered":"https:\/\/visina.click.si\/?post_type=product&#038;p=2710"},"modified":"2023-05-24T13:25:35","modified_gmt":"2023-05-24T11:25:35","slug":"hinowa-lightlift-15-70","status":"publish","type":"product","link":"https:\/\/visina.click.si\/de\/najem\/dvizne-kosare-z-gosenicami\/hinowa-lightlift-15-70\/","title":{"rendered":"HINOWA LIGHTLIFT 15.70"},"content":{"rendered":"<p><strong>Max. Belastbarkeit:<\/strong> 230 kg<br \/>\n<strong>Max. Arbeitsh\u00f6he:<\/strong>\u00a015,60 m<br \/>\n<strong>Maximale Stehh\u00f6he:<\/strong>\u00a013,60 m<br \/>\n<strong>Max. seitliche Reichweite:<\/strong>\u00a06,60 m<br \/>\n<strong>Maschine drehen:<\/strong>\u00a0360\u00b0<br \/>\n<strong>Maschinengewicht:<\/strong>\u00a01.950 kg<\/p>\n<p>&nbsp;<br \/>\n<a class=\"read-more-btn\" href=\"\/wp-content\/uploads\/2022\/09\/HINOWA-LIGHTLIFT-15.70.pdf\" target=\"_blank\" rel=\"noopener\">Mehr lesen<\/a><\/p>","protected":false},"excerpt":{"rendered":"<p>Nosilnost: 230 kg Max. delovna vi\u0161ina:\u00a015,60 m Max vi\u0161ina stoji\u0161\u010da:\u00a013,60 m Max. stranski doseg:\u00a06,60 m Obra\u010danje stroja:\u00a0360\u00b0 Te\u017ea stroja:\u00a01.950 kg &nbsp; Preberi ve\u010d<\/p>","protected":false},"featured_media":2711,"template":"","meta":{"om_disable_all_campaigns":false,"inline_featured_image":false,"_monsterinsights_skip_tracking":false,"_monsterinsights_sitenote_active":false,"_monsterinsights_sitenote_note":"","_monsterinsights_sitenote_category":0},"product_brand":[],"product_cat":[47],"product_tag":[],"class_list":{"0":"post-2710","1":"product","2":"type-product","3":"status-publish","4":"has-post-thumbnail","6":"product_cat-dvizne-kosare-z-gosenicami","7":"pa_pogon-akumulator","8":"pa_pogon-dizel","10":"first","11":"instock","12":"shipping-taxable","13":"purchasable","14":"product-type-simple"},"aioseo_notices":[],"_links":{"self":[{"href":"https:\/\/visina.click.si\/de\/wp-json\/wp\/v2\/product\/2710","targetHints":{"allow":["GET"]}}],"collection":[{"href":"https:\/\/visina.click.si\/de\/wp-json\/wp\/v2\/product"}],"about":[{"href":"https:\/\/visina.click.si\/de\/wp-json\/wp\/v2\/types\/product"}],"wp:featuredmedia":[{"embeddable":true,"href":"https:\/\/visina.click.si\/de\/wp-json\/wp\/v2\/media\/2711"}],"wp:attachment":[{"href":"https:\/\/visina.click.si\/de\/wp-json\/wp\/v2\/media?parent=2710"}],"wp:term":[{"taxonomy":"product_brand","embeddable":true,"href":"https:\/\/visina.click.si\/de\/wp-json\/wp\/v2\/product_brand?post=2710"},{"taxonomy":"product_cat","embeddable":true,"href":"https:\/\/visina.click.si\/de\/wp-json\/wp\/v2\/product_cat?post=2710"},{"taxonomy":"product_tag","embeddable":true,"href":"https:\/\/visina.click.si\/de\/wp-json\/wp\/v2\/product_tag?post=2710"}],"curies":[{"name":"wp","href":"https:\/\/api.w.org\/{rel}","templated":true}]}}