{"id":2716,"date":"2023-05-22T15:14:55","date_gmt":"2023-05-22T13:14:55","guid":{"rendered":"https:\/\/visina.click.si\/?post_type=product&#038;p=2716"},"modified":"2023-05-24T13:27:33","modified_gmt":"2023-05-24T11:27:33","slug":"hinowa-lightlift-19-65","status":"publish","type":"product","link":"https:\/\/visina.click.si\/de\/najem\/dvizne-kosare-z-gosenicami\/hinowa-lightlift-19-65\/","title":{"rendered":"HINOWA LIGHTLIFT 19.65"},"content":{"rendered":"<p><strong>Max. Belastbarkeit:<\/strong> 200 kg \/ 120 kg<br \/>\n<strong>Max. Arbeitsh\u00f6he:<\/strong>\u00a017,10 m \/ 18,80 m<br \/>\n<strong>Maximale Stehh\u00f6he:<\/strong>\u00a016,00 m \/ 16,70 m<br \/>\n<strong>Stranski doseg:<\/strong>\u00a04,80 m \/ 6,40 m<br \/>\n<strong>Maschinengewicht:<\/strong>\u00a02.800 kg<br \/>\n&nbsp;<\/p>\n<p><a class=\"read-more-btn\" href=\"\/wp-content\/uploads\/2022\/09\/HINOWA-LIGHTLIFT-19.65.pdf\" target=\"_blank\" rel=\"noopener\">Mehr lesen<\/a><\/p>","protected":false},"excerpt":{"rendered":"<p>Nosilnost: 200 kg \/ 120 kg Max. delovna vi\u0161ina:\u00a017,10 m \/ 18,80 m Max vi\u0161ina stoji\u0161\u010da:\u00a016,00 m \/ 16,70 m Stranski doseg:\u00a04,80 m \/ 6,40 m Te\u017ea stroja:\u00a02.800 kg &nbsp; Preberi ve\u010d<\/p>","protected":false},"featured_media":2719,"template":"","meta":{"om_disable_all_campaigns":false,"inline_featured_image":false,"_monsterinsights_skip_tracking":false,"_monsterinsights_sitenote_active":false,"_monsterinsights_sitenote_note":"","_monsterinsights_sitenote_category":0},"product_brand":[],"product_cat":[47],"product_tag":[],"class_list":{"0":"post-2716","1":"product","2":"type-product","3":"status-publish","4":"has-post-thumbnail","6":"product_cat-dvizne-kosare-z-gosenicami","7":"pa_pogon-akumulator","8":"pa_pogon-dizel","10":"first","11":"instock","12":"shipping-taxable","13":"purchasable","14":"product-type-simple"},"aioseo_notices":[],"_links":{"self":[{"href":"https:\/\/visina.click.si\/de\/wp-json\/wp\/v2\/product\/2716","targetHints":{"allow":["GET"]}}],"collection":[{"href":"https:\/\/visina.click.si\/de\/wp-json\/wp\/v2\/product"}],"about":[{"href":"https:\/\/visina.click.si\/de\/wp-json\/wp\/v2\/types\/product"}],"wp:featuredmedia":[{"embeddable":true,"href":"https:\/\/visina.click.si\/de\/wp-json\/wp\/v2\/media\/2719"}],"wp:attachment":[{"href":"https:\/\/visina.click.si\/de\/wp-json\/wp\/v2\/media?parent=2716"}],"wp:term":[{"taxonomy":"product_brand","embeddable":true,"href":"https:\/\/visina.click.si\/de\/wp-json\/wp\/v2\/product_brand?post=2716"},{"taxonomy":"product_cat","embeddable":true,"href":"https:\/\/visina.click.si\/de\/wp-json\/wp\/v2\/product_cat?post=2716"},{"taxonomy":"product_tag","embeddable":true,"href":"https:\/\/visina.click.si\/de\/wp-json\/wp\/v2\/product_tag?post=2716"}],"curies":[{"name":"wp","href":"https:\/\/api.w.org\/{rel}","templated":true}]}}