{"id":2434,"date":"2023-05-11T13:08:23","date_gmt":"2023-05-11T11:08:23","guid":{"rendered":"https:\/\/visina.click.si\/zakljucek-nakupa\/"},"modified":"2024-05-31T12:41:43","modified_gmt":"2024-05-31T10:41:43","slug":"oddaj-povprasevanje","status":"publish","type":"page","link":"https:\/\/visina.click.si\/en\/oddaj-povprasevanje\/","title":{"rendered":"Oddaj povpra\u0161evanje"},"content":{"rendered":"<div data-elementor-type=\"wp-page\" data-elementor-id=\"2434\" class=\"elementor elementor-2434\" data-elementor-post-type=\"page\">\n\t\t\t\t\t\t<section class=\"elementor-section elementor-top-section elementor-element elementor-element-094784a elementor-section-height-min-height elementor-section-boxed elementor-section-height-default elementor-section-items-middle\" data-id=\"094784a\" data-element_type=\"section\" data-settings=\"{&quot;background_background&quot;:&quot;classic&quot;}\">\n\t\t\t\t\t\t<div class=\"elementor-container elementor-column-gap-default\">\n\t\t\t\t\t<div class=\"elementor-column elementor-col-100 elementor-top-column elementor-element elementor-element-4ad0691\" data-id=\"4ad0691\" data-element_type=\"column\">\n\t\t\t<div class=\"elementor-widget-wrap elementor-element-populated\">\n\t\t\t\t\t\t\t<\/div>\n\t\t<\/div>\n\t\t\t\t\t<\/div>\n\t\t<\/section>\n\t\t\t\t<section class=\"elementor-section elementor-top-section elementor-element elementor-element-41616f9e elementor-section-boxed elementor-section-height-default elementor-section-height-default\" data-id=\"41616f9e\" data-element_type=\"section\">\n\t\t\t\t\t\t<div class=\"elementor-container elementor-column-gap-default\">\n\t\t\t\t\t<div class=\"elementor-column elementor-col-100 elementor-top-column elementor-element elementor-element-29205780\" data-id=\"29205780\" data-element_type=\"column\">\n\t\t\t<div class=\"elementor-widget-wrap elementor-element-populated\">\n\t\t\t\t\t\t<div class=\"elementor-element elementor-element-d3c4ec4 eael-wpforms-labels-yes eael-wpforms-form-button-custom elementor-widget elementor-widget-eael-wpforms\" data-id=\"d3c4ec4\" data-element_type=\"widget\" data-widget_type=\"eael-wpforms.default\">\n\t\t\t\t<div class=\"elementor-widget-container\">\n\t\t\t\t\t            <div class=\"eael-contact-form eael-wpforms eael-wpforms-align-center\">\n                                <div class=\"wpforms-container wpforms-container-full\" id=\"wpforms-2032\"><form id=\"wpforms-form-2032\" class=\"wpforms-validate wpforms-form wpforms-ajax-form\" data-formid=\"2032\" method=\"post\" enctype=\"multipart\/form-data\" action=\"\/en\/wp-json\/wp\/v2\/pages\/2434\" data-token=\"f0f540f957f0b08f83562bbcf10a6aea\" data-token-time=\"1777662006\" data-trp-original-action=\"\/en\/wp-json\/wp\/v2\/pages\/2434\"><div class=\"wpforms-head-container\"><div class=\"wpforms-title\">Send a quote for machine rent<\/div><\/div><noscript class=\"wpforms-error-noscript\">Please enable JavaScript in your browser to complete this form.<\/noscript><div class=\"wpforms-field-container\"><div id=\"wpforms-2032-field_15-container\" class=\"wpforms-field wpforms-field-text\" data-field-id=\"15\"><label class=\"wpforms-field-label wpforms-label-hide\" for=\"wpforms-2032-field_15\">Podjetje <span class=\"wpforms-required-label\">*<\/span><\/label><input type=\"text\" id=\"wpforms-2032-field_15\" class=\"wpforms-field-medium wpforms-field-required\" name=\"wpforms[fields][15]\" placeholder=\"Company*\" required><\/div><div id=\"wpforms-2032-field_16-container\" class=\"wpforms-field wpforms-field-text\" data-field-id=\"16\"><label class=\"wpforms-field-label wpforms-label-hide\" for=\"wpforms-2032-field_16\">Dav\u010dna \u0161tevilka <span class=\"wpforms-required-label\">*<\/span><\/label><input type=\"text\" id=\"wpforms-2032-field_16\" class=\"wpforms-field-medium wpforms-field-required\" name=\"wpforms[fields][16]\" placeholder=\"Tax number*\" required><\/div><div id=\"wpforms-2032-field_1-container\" class=\"wpforms-field wpforms-field-name\" data-field-id=\"1\"><label class=\"wpforms-field-label wpforms-label-hide\" for=\"wpforms-2032-field_1\">Ime in priimek <span class=\"wpforms-required-label\">*<\/span><\/label><div class=\"wpforms-field-row wpforms-field-medium\"><div class=\"wpforms-field-row-block wpforms-first wpforms-one-half\"><input type=\"text\" id=\"wpforms-2032-field_1\" class=\"wpforms-field-name-first wpforms-field-required\" name=\"wpforms[fields][1][first]\" placeholder=\"First name*\" required><label for=\"wpforms-2032-field_1\" class=\"wpforms-field-sublabel after wpforms-sublabel-hide\">First<\/label><\/div><div class=\"wpforms-field-row-block wpforms-one-half\"><input type=\"text\" id=\"wpforms-2032-field_1-last\" class=\"wpforms-field-name-last wpforms-field-required\" name=\"wpforms[fields][1][last]\" placeholder=\"Last name*\" required><label for=\"wpforms-2032-field_1-last\" class=\"wpforms-field-sublabel after wpforms-sublabel-hide\">Last<\/label><\/div><\/div><\/div><div id=\"wpforms-2032-field_22-container\" class=\"wpforms-field wpforms-field-text\" data-field-id=\"22\"><label class=\"wpforms-field-label wpforms-label-hide\" for=\"wpforms-2032-field_22\">Naslov <span class=\"wpforms-required-label\">*<\/span><\/label><input type=\"text\" id=\"wpforms-2032-field_22\" class=\"wpforms-field-medium wpforms-field-required\" name=\"wpforms[fields][22]\" placeholder=\"Address*\" required><\/div><div id=\"wpforms-2032-field_30-container\" class=\"wpforms-field wpforms-field-text wpforms-one-half wpforms-first\" data-field-id=\"30\"><label class=\"wpforms-field-label wpforms-label-hide\" for=\"wpforms-2032-field_30\">Kraj <span class=\"wpforms-required-label\">*<\/span><\/label><input type=\"text\" id=\"wpforms-2032-field_30\" class=\"wpforms-field-medium wpforms-field-required\" name=\"wpforms[fields][30]\" placeholder=\"City*\" required><\/div><div id=\"wpforms-2032-field_23-container\" class=\"wpforms-field wpforms-field-number wpforms-one-half\" data-field-id=\"23\"><label class=\"wpforms-field-label wpforms-label-hide\" for=\"wpforms-2032-field_23\">Po\u0161tna \u0161tevilka <span class=\"wpforms-required-label\">*<\/span><\/label><input type=\"number\" id=\"wpforms-2032-field_23\" class=\"wpforms-field-medium wpforms-field-required\" name=\"wpforms[fields][23]\" placeholder=\"Postal code*\" step=\"any\" required><\/div><div id=\"wpforms-2032-field_2-container\" class=\"wpforms-field wpforms-field-text wpforms-one-half wpforms-first\" data-field-id=\"2\"><label class=\"wpforms-field-label wpforms-label-hide\" for=\"wpforms-2032-field_2\">Telephone number <span class=\"wpforms-required-label\">*<\/span><\/label><input type=\"text\" id=\"wpforms-2032-field_2\" class=\"wpforms-field-medium wpforms-field-required\" name=\"wpforms[fields][2]\" placeholder=\"Telephone number*\" required><\/div><div id=\"wpforms-2032-field_3-container\" class=\"wpforms-field wpforms-field-email wpforms-one-half\" data-field-id=\"3\"><label class=\"wpforms-field-label wpforms-label-hide\" for=\"wpforms-2032-field_3\">Email <span class=\"wpforms-required-label\">*<\/span><\/label><input type=\"email\" id=\"wpforms-2032-field_3\" class=\"wpforms-field-medium wpforms-field-required\" name=\"wpforms[fields][3]\" placeholder=\"E-mail*\" spellcheck=\"false\" required><\/div><div id=\"wpforms-2032-field_17-container\" class=\"wpforms-field wpforms-field-number\" data-field-id=\"17\"><label class=\"wpforms-field-label wpforms-label-hide\" for=\"wpforms-2032-field_17\">Delovna vi\u0161ina - vi\u0161ina stoji\u0161\u010da <span class=\"wpforms-required-label\">*<\/span><\/label><input type=\"number\" id=\"wpforms-2032-field_17\" class=\"wpforms-field-medium wpforms-field-required\" name=\"wpforms[fields][17]\" placeholder=\"Working height - standing height (m)*\" step=\"any\" required><\/div><div id=\"wpforms-2032-field_18-container\" class=\"wpforms-field wpforms-field-number\" data-field-id=\"18\"><label class=\"wpforms-field-label wpforms-label-hide\" for=\"wpforms-2032-field_18\">Stranski doseg <span class=\"wpforms-required-label\">*<\/span><\/label><input type=\"number\" id=\"wpforms-2032-field_18\" class=\"wpforms-field-medium wpforms-field-required\" name=\"wpforms[fields][18]\" placeholder=\"Side reach (m)*\" step=\"any\" required><\/div><div id=\"wpforms-2032-field_20-container\" class=\"wpforms-field wpforms-field-number\" data-field-id=\"20\"><label class=\"wpforms-field-label wpforms-label-hide\" for=\"wpforms-2032-field_20\">Nosilnost <span class=\"wpforms-required-label\">*<\/span><\/label><input type=\"number\" id=\"wpforms-2032-field_20\" class=\"wpforms-field-medium wpforms-field-required\" name=\"wpforms[fields][20]\" placeholder=\"Load capacity (kg)*\" step=\"any\" required><\/div><div id=\"wpforms-2032-field_19-container\" class=\"wpforms-field wpforms-field-radio\" data-field-id=\"19\"><label class=\"wpforms-field-label\">Choose the type of basket <span class=\"wpforms-required-label\">*<\/span><\/label><ul id=\"wpforms-2032-field_19\" class=\"wpforms-field-required\"><li class=\"choice-1 depth-1\"><input type=\"radio\" id=\"wpforms-2032-field_19_1\" name=\"wpforms[fields][19]\" value=\"\u0160karjasta (navpi\u010dni dvig)\" required><label class=\"wpforms-field-label-inline\" for=\"wpforms-2032-field_19_1\">Basket with vertical reach only<\/label><\/li><li class=\"choice-2 depth-1\"><input type=\"radio\" id=\"wpforms-2032-field_19_2\" name=\"wpforms[fields][19]\" value=\"Lomljiva (doseg tudi v stran)\" required><label class=\"wpforms-field-label-inline\" for=\"wpforms-2032-field_19_2\">Basket with vertical and side reach<\/label><\/li><\/ul><\/div><div id=\"wpforms-2032-field_21-container\" class=\"wpforms-field wpforms-field-text\" data-field-id=\"21\"><label class=\"wpforms-field-label wpforms-label-hide\" for=\"wpforms-2032-field_21\">Teren <span class=\"wpforms-required-label\">*<\/span><\/label><input type=\"text\" id=\"wpforms-2032-field_21\" class=\"wpforms-field-medium wpforms-field-required\" name=\"wpforms[fields][21]\" placeholder=\"Terrain*\" required><\/div><div id=\"wpforms-2032-field_27-container\" class=\"wpforms-field wpforms-field-text\" data-field-id=\"27\"><label class=\"wpforms-field-label wpforms-label-hide\" for=\"wpforms-2032-field_27\">Objekt <span class=\"wpforms-required-label\">*<\/span><\/label><input type=\"text\" id=\"wpforms-2032-field_27\" class=\"wpforms-field-medium wpforms-field-required\" name=\"wpforms[fields][27]\" placeholder=\"Building object*\" required><div class=\"wpforms-field-description\">The location where the work with the machine will take place<\/div><\/div><div id=\"wpforms-2032-field_28-container\" class=\"wpforms-field wpforms-field-text walwpf-datepicker\" data-field-id=\"28\"><label class=\"wpforms-field-label wpforms-label-hide\" for=\"wpforms-2032-field_28\">Datum za\u010detka najema <span class=\"wpforms-required-label\">*<\/span><\/label><input type=\"text\" id=\"wpforms-2032-field_28\" class=\"wpforms-field-medium wpforms-field-required\" name=\"wpforms[fields][28]\" placeholder=\"Za\u010detek najema*\" required><div class=\"wpforms-field-description\">Choose a date<\/div><\/div><div id=\"wpforms-2032-field_29-container\" class=\"wpforms-field wpforms-field-number\" data-field-id=\"29\"><label class=\"wpforms-field-label wpforms-label-hide\" for=\"wpforms-2032-field_29\">Trajanje najema <span class=\"wpforms-required-label\">*<\/span><\/label><input type=\"number\" id=\"wpforms-2032-field_29\" class=\"wpforms-field-medium wpforms-field-required\" name=\"wpforms[fields][29]\" placeholder=\"Number of machine rental days*\" step=\"any\" required><\/div><div id=\"wpforms-2032-field_24-container\" class=\"wpforms-field wpforms-field-text\" data-field-id=\"24\"><label class=\"wpforms-field-label wpforms-label-hide\" for=\"wpforms-2032-field_24\">Namen <span class=\"wpforms-required-label\">*<\/span><\/label><input type=\"text\" id=\"wpforms-2032-field_24\" class=\"wpforms-field-medium wpforms-field-required\" name=\"wpforms[fields][24]\" placeholder=\"Purpose*\" required><div class=\"wpforms-field-description\">What is the client doing at the facility?<\/div><\/div><div id=\"wpforms-2032-field_25-container\" class=\"wpforms-field wpforms-field-radio\" data-field-id=\"25\"><label class=\"wpforms-field-label\">Drive <span class=\"wpforms-required-label\">*<\/span><\/label><ul id=\"wpforms-2032-field_25\" class=\"wpforms-field-required\"><li class=\"choice-1 depth-1\"><input type=\"radio\" id=\"wpforms-2032-field_25_1\" name=\"wpforms[fields][25]\" value=\"Baterijski\" required><label class=\"wpforms-field-label-inline\" for=\"wpforms-2032-field_25_1\">Battery<\/label><\/li><li class=\"choice-2 depth-1\"><input type=\"radio\" id=\"wpforms-2032-field_25_2\" name=\"wpforms[fields][25]\" value=\"Diesel\" required><label class=\"wpforms-field-label-inline\" for=\"wpforms-2032-field_25_2\">Diesel<\/label><\/li><\/ul><\/div><div id=\"wpforms-2032-field_26-container\" class=\"wpforms-field wpforms-field-text\" data-field-id=\"26\"><label class=\"wpforms-field-label wpforms-label-hide\" for=\"wpforms-2032-field_26\">Stroj predviden za najem <span class=\"wpforms-required-label\">*<\/span><\/label><input type=\"text\" id=\"wpforms-2032-field_26\" class=\"wpforms-field-medium wpforms-field-required\" name=\"wpforms[fields][26]\" placeholder=\"Machine intended for rent*\" required><div class=\"wpforms-field-description\">Enter the name of the machine for which you are sending an inquiry.<\/div><\/div><div id=\"wpforms-2032-field_13-container\" class=\"wpforms-field wpforms-field-textarea\" data-field-id=\"13\"><label class=\"wpforms-field-label wpforms-label-hide\" for=\"wpforms-2032-field_13\">Notes<\/label><textarea id=\"wpforms-2032-field_13\" class=\"wpforms-field-medium\" name=\"wpforms[fields][13]\" placeholder=\"Notes\" ><\/textarea><\/div><div id=\"wpforms-2032-field_14-container\" class=\"wpforms-field wpforms-field-checkbox\" data-field-id=\"14\"><label class=\"wpforms-field-label wpforms-label-hide\">Privacy Policy <span class=\"wpforms-required-label\">*<\/span><\/label><ul id=\"wpforms-2032-field_14\" class=\"wpforms-field-required\"><li class=\"choice-1 depth-1\"><input type=\"checkbox\" id=\"wpforms-2032-field_14_1\" name=\"wpforms[fields][14][]\" value=\"Strinjam se s &lt;a href=&quot;\/politika-zasebnosti&quot; target=&quot;_blank&quot;&gt;politiko zasebnosti&lt;\/a&gt;\" required><label class=\"wpforms-field-label-inline translation-block\" for=\"wpforms-2032-field_14_1\">Strinjam se s <a href=\"\/en\/politika-zasebnosti\/\" target=\"_blank\">politiko zasebnosti<\/a><\/label><\/li><\/ul><\/div><\/div><!-- .wpforms-field-container --><div class=\"wpforms-recaptcha-container wpforms-is-recaptcha wpforms-is-recaptcha-type-v3\" ><input type=\"hidden\" name=\"wpforms[recaptcha]\" value=\"\"><\/div><div class=\"wpforms-submit-container\" ><input type=\"hidden\" name=\"wpforms[id]\" value=\"2032\"><input type=\"hidden\" name=\"page_title\" value=\"\"><input type=\"hidden\" name=\"page_url\" value=\"https:\/\/visina.click.si\/en\/wp-json\/wp\/v2\/pages\/2434\"><input type=\"hidden\" name=\"url_referer\" value=\"\"><button type=\"submit\" name=\"wpforms[submit]\" id=\"wpforms-submit-2032\" class=\"wpforms-submit\" data-alt-text=\"Po\u0161iljam...\" data-submit-text=\"Po\u0161lji\" aria-live=\"assertive\" value=\"wpforms-submit\">Send<\/button><img decoding=\"async\" src=\"https:\/\/visina.click.si\/wp-content\/plugins\/wpforms-lite\/assets\/images\/submit-spin.svg\" class=\"wpforms-submit-spinner\" style=\"display: none;\" width=\"26\" height=\"26\" alt=\"Loading\"><\/div><input type=\"hidden\" name=\"trp-form-language\" value=\"en\"\/><\/form><\/div>  <!-- .wpforms-container -->            <\/div>\n\t\t\t\t<\/div>\n\t\t\t\t<\/div>\n\t\t\t\t\t<\/div>\n\t\t<\/div>\n\t\t\t\t\t<\/div>\n\t\t<\/section>\n\t\t\t\t<\/div>","protected":false},"excerpt":{"rendered":"<p>Po\u0161lji povpra\u0161evanje za najem strojaPlease enable JavaScript in your browser to complete this form.Podjetje *Dav\u010dna \u0161tevilka *Ime in priimek *FirstLastNaslov *Kraj *Po\u0161tna \u0161tevilka *Telefonska \u0161tevilka *Email *Delovna vi\u0161ina &#8211; vi\u0161ina stoji\u0161\u010da *Stranski doseg *Nosilnost *Izberi vrsto ko\u0161are * \u0160karjasta (navpi\u010dni dvig) Lomljiva (doseg tudi v stran) Teren *Objekt *Lokacija, kjer bo potekalo delo s strojemDatum [&hellip;]<\/p>","protected":false},"author":1,"featured_media":0,"parent":0,"menu_order":0,"comment_status":"closed","ping_status":"closed","template":"","meta":{"om_disable_all_campaigns":false,"inline_featured_image":false,"_monsterinsights_skip_tracking":false,"_monsterinsights_sitenote_active":false,"_monsterinsights_sitenote_note":"","_monsterinsights_sitenote_category":0,"footnotes":""},"class_list":["post-2434","page","type-page","status-publish","hentry"],"aioseo_notices":[],"_links":{"self":[{"href":"https:\/\/visina.click.si\/en\/wp-json\/wp\/v2\/pages\/2434","targetHints":{"allow":["GET"]}}],"collection":[{"href":"https:\/\/visina.click.si\/en\/wp-json\/wp\/v2\/pages"}],"about":[{"href":"https:\/\/visina.click.si\/en\/wp-json\/wp\/v2\/types\/page"}],"author":[{"embeddable":true,"href":"https:\/\/visina.click.si\/en\/wp-json\/wp\/v2\/users\/1"}],"replies":[{"embeddable":true,"href":"https:\/\/visina.click.si\/en\/wp-json\/wp\/v2\/comments?post=2434"}],"version-history":[{"count":43,"href":"https:\/\/visina.click.si\/en\/wp-json\/wp\/v2\/pages\/2434\/revisions"}],"predecessor-version":[{"id":3761,"href":"https:\/\/visina.click.si\/en\/wp-json\/wp\/v2\/pages\/2434\/revisions\/3761"}],"wp:attachment":[{"href":"https:\/\/visina.click.si\/en\/wp-json\/wp\/v2\/media?parent=2434"}],"curies":[{"name":"wp","href":"https:\/\/api.w.org\/{rel}","templated":true}]}}