{"id":650,"date":"2022-08-05T13:40:43","date_gmt":"2022-08-05T13:40:43","guid":{"rendered":"https:\/\/visina.click.si\/?page_id=650"},"modified":"2022-08-16T09:45:20","modified_gmt":"2022-08-16T09:45:20","slug":"pravno-obvestilo","status":"publish","type":"page","link":"https:\/\/visina.click.si\/en\/pravno-obvestilo\/","title":{"rendered":"Legal notice"},"content":{"rendered":"<div data-elementor-type=\"wp-page\" data-elementor-id=\"650\" class=\"elementor elementor-650\" data-elementor-post-type=\"page\">\n\t\t\t\t\t\t<section class=\"elementor-section elementor-top-section elementor-element elementor-element-5c04b824 elementor-section-height-min-height elementor-section-items-bottom elementor-section-boxed elementor-section-height-default\" data-id=\"5c04b824\" data-element_type=\"section\" data-settings=\"{&quot;background_background&quot;:&quot;classic&quot;}\">\n\t\t\t\t\t\t<div class=\"elementor-container elementor-column-gap-default\">\n\t\t\t\t\t<div class=\"elementor-column elementor-col-100 elementor-top-column elementor-element elementor-element-2dd76075\" data-id=\"2dd76075\" data-element_type=\"column\">\n\t\t\t<div class=\"elementor-widget-wrap elementor-element-populated\">\n\t\t\t\t\t\t<div class=\"elementor-element elementor-element-56dd47c2 elementor-widget elementor-widget-heading\" data-id=\"56dd47c2\" data-element_type=\"widget\" data-widget_type=\"heading.default\">\n\t\t\t\t<div class=\"elementor-widget-container\">\n\t\t\t\t\t<h1 class=\"elementor-heading-title elementor-size-default\">Legal notice<\/h1>\t\t\t\t<\/div>\n\t\t\t\t<\/div>\n\t\t\t\t<div class=\"elementor-element elementor-element-6a3a6d0e elementor-widget elementor-widget-spacer\" data-id=\"6a3a6d0e\" data-element_type=\"widget\" data-widget_type=\"spacer.default\">\n\t\t\t\t<div class=\"elementor-widget-container\">\n\t\t\t\t\t\t\t<div class=\"elementor-spacer\">\n\t\t\t<div class=\"elementor-spacer-inner\"><\/div>\n\t\t<\/div>\n\t\t\t\t\t\t<\/div>\n\t\t\t\t<\/div>\n\t\t\t\t\t<\/div>\n\t\t<\/div>\n\t\t\t\t\t<\/div>\n\t\t<\/section>\n\t\t\t\t<section class=\"elementor-section elementor-top-section elementor-element elementor-element-41f9241d elementor-section-boxed elementor-section-height-default elementor-section-height-default\" data-id=\"41f9241d\" data-element_type=\"section\">\n\t\t\t\t\t\t<div class=\"elementor-container elementor-column-gap-default\">\n\t\t\t\t\t<div class=\"elementor-column elementor-col-100 elementor-top-column elementor-element elementor-element-51bd242\" data-id=\"51bd242\" data-element_type=\"column\">\n\t\t\t<div class=\"elementor-widget-wrap elementor-element-populated\">\n\t\t\t\t\t\t<div class=\"elementor-element elementor-element-fc921b4 elementor-widget elementor-widget-text-editor\" data-id=\"fc921b4\" data-element_type=\"widget\" data-widget_type=\"text-editor.default\">\n\t\t\t\t<div class=\"elementor-widget-container\">\n\t\t\t\t\t\t\t\t\t<h4><strong>Protection of rights<\/strong><\/h4><p>The subject of this notice is the website at www.visina.si.<\/p><p>All content on these websites is the property of VI\u0160INA d.o.o. (hereinafter: VI\u0160INA) and is informative.\u00a0<\/p><p>At VI\u0160INA, we designed our website with the aim of providing general information about the company and news from the business world.<\/p><p>By entering any area of \u200b\u200bthe VI\u0160INA website, you agree to all of the restrictions and conditions set forth herein. If you do not agree with them, please do not enter this page. We advise you to visit our site and review the current terms of use, as they are legally binding.<\/p><p>Official, legal and formal information about the company and the company's operations may differ from the information on the company's website.<\/p><p>\u00a0<\/p><h4><strong>Limitation of liability<\/strong><\/h4><p>VI\u0160INA will do its best to provide the most accurate and up-to-date information on its pages, but website users are reminded that the texts are of an informative nature, so it does not guarantee and does not assume any responsibility for their accuracy and completeness of the pages. All visitors use the published content at their own risk. VI\u0160INA reserves the right to change, add or remove the content of these websites at any time, without notice.<\/p><p>Neither VI\u0160INA nor any other legal or physical person who participated in the creation and creation of these websites is responsible for occasional non-functioning of the website, for possible inaccuracy of information, nor for possible damage caused by the use of inaccurate or incomplete information, therefore it is not liable for any damage or inconvenience arising from the existence of the websites, from access to and\/or use and\/or inability to use the information on these websites and\/or for any errors or deficiencies in their content, regardless of whether have been informed of the possibility of such damage.<\/p><p>On the VI\u0160INA website there are also links to other websites, references, partners that are not in any way connected with VI\u0160INA. VI\u0160INA cannot guarantee, nor receive or forward complaints regarding the accuracy of the content of any website to which it provides a link or reference, and does not assume any responsibility for the protection of data on these websites.<\/p><h4>\u00a0<\/h4><h4><strong>Copyright<\/strong><\/h4><p>All information and images published on the website (texts, photographs, sketches, maps and plans, computer programs) are subject to copyright protection according to the Copyright and Related Rights Act (Official Gazette of the Republic of Slovenia, No. 21\/1995 with amendments). They may be used solely for educational and non-commercial purposes, and all copyright or other rights notices must be retained and may not be copied, reproduced or otherwise distributed for commercial purposes. Any reproduction (copying, reproduction, publication, transmission) must credit VI\u0160INA as the source.<\/p><p>VI\u0160INA reserves the right to partially or fully change, add or remove content published on this website at any time and in any way, regardless of the reason and without prior warning. All users use all published content at their own risk.<\/p><h4>\u00a0<\/h4><h4><strong>Privacy protection<\/strong><\/h4><p>VI\u0160INA undertakes to protect the confidentiality of the personal data of website users. We will use the collected information exclusively to improve the use of the website and for the purposes for which it is provided by the users of the website. Personal data and contact information will not be used for other purposes and will not be disclosed to third parties without the express permission of the website user. We will do everything we can to protect your personal data from any breach and misuse.<\/p>\t\t\t\t\t\t\t\t<\/div>\n\t\t\t\t<\/div>\n\t\t\t\t\t<\/div>\n\t\t<\/div>\n\t\t\t\t\t<\/div>\n\t\t<\/section>\n\t\t\t\t<\/div>","protected":false},"excerpt":{"rendered":"<p>Pravno obvestilo Za\u0161\u010dita pravic Predmet tega obvestila so spletne strani na naslovu www.visina.si. Vse vsebine na teh spletnih straneh so last podjetja VI\u0160INA d.o.o. (v nadaljevanju: VI\u0160INA) in je informativne narave.\u00a0 V podjetju VI\u0160INA smo na\u0161e spletno mesto oblikovali z namenom omogo\u010diti splo\u0161ne informacije o podjetju in novice s poslovnega sveta. Vstop v katerokoli podro\u010dje [&hellip;]<\/p>","protected":false},"author":1,"featured_media":0,"parent":0,"menu_order":0,"comment_status":"closed","ping_status":"closed","template":"","meta":{"om_disable_all_campaigns":false,"inline_featured_image":false,"_monsterinsights_skip_tracking":false,"_monsterinsights_sitenote_active":false,"_monsterinsights_sitenote_note":"","_monsterinsights_sitenote_category":0,"footnotes":""},"class_list":["post-650","page","type-page","status-publish","hentry"],"aioseo_notices":[],"_links":{"self":[{"href":"https:\/\/visina.click.si\/en\/wp-json\/wp\/v2\/pages\/650","targetHints":{"allow":["GET"]}}],"collection":[{"href":"https:\/\/visina.click.si\/en\/wp-json\/wp\/v2\/pages"}],"about":[{"href":"https:\/\/visina.click.si\/en\/wp-json\/wp\/v2\/types\/page"}],"author":[{"embeddable":true,"href":"https:\/\/visina.click.si\/en\/wp-json\/wp\/v2\/users\/1"}],"replies":[{"embeddable":true,"href":"https:\/\/visina.click.si\/en\/wp-json\/wp\/v2\/comments?post=650"}],"version-history":[{"count":7,"href":"https:\/\/visina.click.si\/en\/wp-json\/wp\/v2\/pages\/650\/revisions"}],"predecessor-version":[{"id":1153,"href":"https:\/\/visina.click.si\/en\/wp-json\/wp\/v2\/pages\/650\/revisions\/1153"}],"wp:attachment":[{"href":"https:\/\/visina.click.si\/en\/wp-json\/wp\/v2\/media?parent=650"}],"curies":[{"name":"wp","href":"https:\/\/api.w.org\/{rel}","templated":true}]}}