{"id":2720,"date":"2023-05-22T15:23:33","date_gmt":"2023-05-22T13:23:33","guid":{"rendered":"https:\/\/visina.click.si\/?post_type=product&#038;p=2720"},"modified":"2023-05-24T15:10:23","modified_gmt":"2023-05-24T13:10:23","slug":"jungheinrich-efg-318","status":"publish","type":"product","link":"https:\/\/visina.click.si\/en\/najem\/vilicarji\/jungheinrich-efg-318\/","title":{"rendered":"JUNGHEINRICH EFG 318"},"content":{"rendered":"<p><strong>Maximum lifting height:<\/strong>\u00a04,80 m<br \/>\n<strong>Load capacity at the center of gravity of the fork 500 mm:<\/strong>\u00a01.800 kg<br \/>\n<strong>Load capacity at the center of gravity of the fork 700 mm:<\/strong>\u00a01.460 kg<br \/>\n<strong>Forklift height:<\/strong>\u00a02,172 m<br \/>\n<strong>Forklift width:<\/strong>\u00a01,120 m<br \/>\n<strong>Fork length:<\/strong>\u00a01,000 m<br \/>\n<strong>Machine weight:<\/strong>\u00a03.564 kg<br \/>\n<strong>Engine:<\/strong>\u00a0electro<br \/>\n&nbsp;<\/p>\n<p><a class=\"read-more-btn\" href=\"\/wp-content\/uploads\/2022\/09\/VILICAR-DFG-318-TRIPLEX-JUNGHEINRICH.pdf\" target=\"_blank\" rel=\"noopener\">Read more<\/a><\/p>","protected":false},"excerpt":{"rendered":"<p>Maksimalna vi\u0161ina dviga:\u00a04,80 m Nosilnost na te\u017ei\u0161\u010du vilic 500mm:\u00a01.800 kg Nosilnost na te\u017ei\u0161\u010du vilic 700 mm:\u00a01.460 kg Vi\u0161ina vili\u010darja:\u00a02,172 m \u0160irina vili\u010darja:\u00a01,120 m Dol\u017eina vilic:\u00a01,000 m Te\u017ea stroja:\u00a03.564 kg Motor:\u00a0elektro &nbsp; Preberi ve\u010d<\/p>","protected":false},"featured_media":2721,"template":"","meta":{"om_disable_all_campaigns":false,"inline_featured_image":false,"_monsterinsights_skip_tracking":false,"_monsterinsights_sitenote_active":false,"_monsterinsights_sitenote_note":"","_monsterinsights_sitenote_category":0},"product_brand":[],"product_cat":[48],"product_tag":[],"class_list":{"0":"post-2720","1":"product","2":"type-product","3":"status-publish","4":"has-post-thumbnail","6":"product_cat-vilicarji","7":"pa_pogon-akumulator","9":"first","10":"instock","11":"shipping-taxable","12":"purchasable","13":"product-type-simple"},"aioseo_notices":[],"_links":{"self":[{"href":"https:\/\/visina.click.si\/en\/wp-json\/wp\/v2\/product\/2720","targetHints":{"allow":["GET"]}}],"collection":[{"href":"https:\/\/visina.click.si\/en\/wp-json\/wp\/v2\/product"}],"about":[{"href":"https:\/\/visina.click.si\/en\/wp-json\/wp\/v2\/types\/product"}],"wp:featuredmedia":[{"embeddable":true,"href":"https:\/\/visina.click.si\/en\/wp-json\/wp\/v2\/media\/2721"}],"wp:attachment":[{"href":"https:\/\/visina.click.si\/en\/wp-json\/wp\/v2\/media?parent=2720"}],"wp:term":[{"taxonomy":"product_brand","embeddable":true,"href":"https:\/\/visina.click.si\/en\/wp-json\/wp\/v2\/product_brand?post=2720"},{"taxonomy":"product_cat","embeddable":true,"href":"https:\/\/visina.click.si\/en\/wp-json\/wp\/v2\/product_cat?post=2720"},{"taxonomy":"product_tag","embeddable":true,"href":"https:\/\/visina.click.si\/en\/wp-json\/wp\/v2\/product_tag?post=2720"}],"curies":[{"name":"wp","href":"https:\/\/api.w.org\/{rel}","templated":true}]}}