{"id":3662,"date":"2024-02-27T15:38:46","date_gmt":"2024-02-27T14:38:46","guid":{"rendered":"https:\/\/visina.si\/?post_type=product&#038;p=3662"},"modified":"2024-02-27T15:43:13","modified_gmt":"2024-02-27T14:43:13","slug":"zeus-40-13-gd","status":"publish","type":"product","link":"https:\/\/visina.click.si\/en\/najem\/dvigala-pick-carry\/zeus-40-13-gd\/","title":{"rendered":"ZEUS 40.13 GD"},"content":{"rendered":"<ul>\n<li style=\"font-weight: 400;\">Length 5970 mm<\/li>\n<li style=\"font-weight: 400;\">Width 2290 mm<\/li>\n<li style=\"font-weight: 400;\">Height 2860 mm<\/li>\n<li style=\"font-weight: 400;\">Weight 8,900 kg<\/li>\n<li style=\"font-weight: 400;\">Speed \u200b\u200b30 km\/h<\/li>\n<\/ul>\n<p><a class=\"read-more-btn\" href=\"https:\/\/visina.si\/wp-content\/uploads\/2024\/02\/dieci-zeus-40.13-gd.pdf\" target=\"_blank\" rel=\"noopener\">Read more<\/a><\/p>","protected":false},"excerpt":{"rendered":"<p>Dol\u017eina 5970 mm \u0160irina 2290 mm Vi\u0161ina 2860 mm Te\u017ea 8.900 kg Hitrost 30 km\/h Preberi ve\u010d<\/p>","protected":false},"featured_media":3663,"template":"","meta":{"om_disable_all_campaigns":false,"inline_featured_image":false,"_monsterinsights_skip_tracking":false,"_monsterinsights_sitenote_active":false,"_monsterinsights_sitenote_note":"","_monsterinsights_sitenote_category":0},"product_brand":[],"product_cat":[51],"product_tag":[],"class_list":{"0":"post-3662","1":"product","2":"type-product","3":"status-publish","4":"has-post-thumbnail","6":"product_cat-dvigala-pick-carry","8":"first","9":"instock","10":"shipping-taxable","11":"product-type-simple"},"aioseo_notices":[],"_links":{"self":[{"href":"https:\/\/visina.click.si\/en\/wp-json\/wp\/v2\/product\/3662","targetHints":{"allow":["GET"]}}],"collection":[{"href":"https:\/\/visina.click.si\/en\/wp-json\/wp\/v2\/product"}],"about":[{"href":"https:\/\/visina.click.si\/en\/wp-json\/wp\/v2\/types\/product"}],"wp:featuredmedia":[{"embeddable":true,"href":"https:\/\/visina.click.si\/en\/wp-json\/wp\/v2\/media\/3663"}],"wp:attachment":[{"href":"https:\/\/visina.click.si\/en\/wp-json\/wp\/v2\/media?parent=3662"}],"wp:term":[{"taxonomy":"product_brand","embeddable":true,"href":"https:\/\/visina.click.si\/en\/wp-json\/wp\/v2\/product_brand?post=3662"},{"taxonomy":"product_cat","embeddable":true,"href":"https:\/\/visina.click.si\/en\/wp-json\/wp\/v2\/product_cat?post=3662"},{"taxonomy":"product_tag","embeddable":true,"href":"https:\/\/visina.click.si\/en\/wp-json\/wp\/v2\/product_tag?post=3662"}],"curies":[{"name":"wp","href":"https:\/\/api.w.org\/{rel}","templated":true}]}}