{"id":3750,"date":"2024-05-31T10:35:49","date_gmt":"2024-05-31T08:35:49","guid":{"rendered":"https:\/\/visina.si\/?post_type=product&#038;p=3750"},"modified":"2024-05-31T10:55:18","modified_gmt":"2024-05-31T08:55:18","slug":"iveco-cte-mp-24","status":"publish","type":"product","link":"https:\/\/visina.click.si\/en\/najem\/kamionske-dvizne-kosare\/iveco-cte-mp-24\/","title":{"rendered":"IVECO CTE MP 24"},"content":{"rendered":"<div class=\"page\" title=\"Page 1\">\n<div class=\"layoutArea\">\n<div class=\"column\">\n<div class=\"page\" title=\"Page 1\">\n<div class=\"layoutArea\">\n<div class=\"column\">\n<p>HYDRAULIC TELESCOPIC BASKET ON AN IVECO TRUCK (B-CATEGORY)<\/p>\n<\/div>\n<\/div>\n<\/div>\n<\/div>\n<\/div>\n<\/div>\n<ul>\n<li style=\"font-weight: 400;\">Dol\u017eina 6370 mm<\/li>\n<li style=\"font-weight: 400;\">Width 2254 mm<\/li>\n<li style=\"font-weight: 400;\">Working height 2838 mm<\/li>\n<li style=\"font-weight: 400;\">Weight 3,500 kg<\/li>\n<li>Side reach 13,5 m<\/li>\n<li>Reach height: 15 m<\/li>\n<li>Load capacity: 200 kg<\/li>\n<\/ul>\n<p>&nbsp;<\/p>\n<p><a class=\"read-more-btn\" href=\"https:\/\/visina.si\/wp-content\/uploads\/2024\/05\/cte-zed15-piaggio-plinbenzin.pdf\" target=\"_blank\" rel=\"noopener\">Read more<\/a><\/p>","protected":false},"excerpt":{"rendered":"<p>HIDRAVLIC\u030cNA TELESKOPSKA KOS\u030cARA NA KAMIONU IVECO (B-KATEGORIJA) Dol\u017eina 6370 mm \u0160irina 2254 mm Delovna vi\u0161ina 2838 mm Te\u017ea 3.500 kg Stranski doseg: 13,5 m Vi\u0161ina dosega: 15 m Nosilnost: 200 kg &nbsp; Preberi ve\u010d<\/p>","protected":false},"featured_media":3751,"template":"","meta":{"om_disable_all_campaigns":false,"inline_featured_image":false,"_monsterinsights_skip_tracking":false,"_monsterinsights_sitenote_active":false,"_monsterinsights_sitenote_note":"","_monsterinsights_sitenote_category":0},"product_brand":[],"product_cat":[40],"product_tag":[],"class_list":{"0":"post-3750","1":"product","2":"type-product","3":"status-publish","4":"has-post-thumbnail","6":"product_cat-kamionske-dvizne-kosare","8":"first","9":"instock","10":"shipping-taxable","11":"product-type-simple"},"aioseo_notices":[],"_links":{"self":[{"href":"https:\/\/visina.click.si\/en\/wp-json\/wp\/v2\/product\/3750","targetHints":{"allow":["GET"]}}],"collection":[{"href":"https:\/\/visina.click.si\/en\/wp-json\/wp\/v2\/product"}],"about":[{"href":"https:\/\/visina.click.si\/en\/wp-json\/wp\/v2\/types\/product"}],"wp:featuredmedia":[{"embeddable":true,"href":"https:\/\/visina.click.si\/en\/wp-json\/wp\/v2\/media\/3751"}],"wp:attachment":[{"href":"https:\/\/visina.click.si\/en\/wp-json\/wp\/v2\/media?parent=3750"}],"wp:term":[{"taxonomy":"product_brand","embeddable":true,"href":"https:\/\/visina.click.si\/en\/wp-json\/wp\/v2\/product_brand?post=3750"},{"taxonomy":"product_cat","embeddable":true,"href":"https:\/\/visina.click.si\/en\/wp-json\/wp\/v2\/product_cat?post=3750"},{"taxonomy":"product_tag","embeddable":true,"href":"https:\/\/visina.click.si\/en\/wp-json\/wp\/v2\/product_tag?post=3750"}],"curies":[{"name":"wp","href":"https:\/\/api.w.org\/{rel}","templated":true}]}}