{"id":3,"date":"2022-07-14T07:27:06","date_gmt":"2022-07-14T07:27:06","guid":{"rendered":"https:\/\/visina.click.si\/?page_id=3"},"modified":"2022-10-03T11:08:59","modified_gmt":"2022-10-03T09:08:59","slug":"politika-zasebnosti","status":"publish","type":"page","link":"https:\/\/visina.click.si\/hr\/politika-zasebnosti\/","title":{"rendered":"Politika privatnosti"},"content":{"rendered":"<div data-elementor-type=\"wp-page\" data-elementor-id=\"3\" class=\"elementor elementor-3\" data-elementor-post-type=\"page\">\n\t\t\t\t\t\t<section class=\"elementor-section elementor-top-section elementor-element elementor-element-9b2012b elementor-section-height-min-height elementor-section-boxed elementor-section-height-default elementor-section-items-middle\" data-id=\"9b2012b\" data-element_type=\"section\" data-settings=\"{&quot;background_background&quot;:&quot;classic&quot;}\">\n\t\t\t\t\t\t<div class=\"elementor-container elementor-column-gap-default\">\n\t\t\t\t\t<div class=\"elementor-column elementor-col-100 elementor-top-column elementor-element elementor-element-2f794f2\" data-id=\"2f794f2\" data-element_type=\"column\">\n\t\t\t<div class=\"elementor-widget-wrap elementor-element-populated\">\n\t\t\t\t\t\t<div class=\"elementor-element elementor-element-d734d2c elementor-widget elementor-widget-heading\" data-id=\"d734d2c\" data-element_type=\"widget\" data-widget_type=\"heading.default\">\n\t\t\t\t<div class=\"elementor-widget-container\">\n\t\t\t\t\t<h1 class=\"elementor-heading-title elementor-size-default\">Politika privatnosti<\/h1>\t\t\t\t<\/div>\n\t\t\t\t<\/div>\n\t\t\t\t\t<\/div>\n\t\t<\/div>\n\t\t\t\t\t<\/div>\n\t\t<\/section>\n\t\t\t\t<section class=\"elementor-section elementor-top-section elementor-element elementor-element-1ae66be elementor-section-boxed elementor-section-height-default elementor-section-height-default\" data-id=\"1ae66be\" data-element_type=\"section\">\n\t\t\t\t\t\t<div class=\"elementor-container elementor-column-gap-default\">\n\t\t\t\t\t<div class=\"elementor-column elementor-col-100 elementor-top-column elementor-element elementor-element-4b66f00\" data-id=\"4b66f00\" data-element_type=\"column\">\n\t\t\t<div class=\"elementor-widget-wrap elementor-element-populated\">\n\t\t\t\t\t\t<div class=\"elementor-element elementor-element-d04c0ff elementor-widget elementor-widget-text-editor\" data-id=\"d04c0ff\" data-element_type=\"widget\" data-widget_type=\"text-editor.default\">\n\t\t\t\t<div class=\"elementor-widget-container\">\n\t\t\t\t\t\t\t\t\t<h3>Izjava o obvezi informiranja<\/h3>\n<p>Za\u0161tita Va\u0161ih osobnih podataka vrlo nam je va\u017ena. Va\u0161e podatke obra\u0111ujemo isklju\u010divo na temelju zakonskih odredbi (Op\u0107a uredba o za\u0161titi podataka - Uredba (EU) 2016\/679, Zakon o izmjenama i dopunama Zakona o za\u0161titi podataka 2018, Zakon o telekomunikacijama 2003). U ovim informacijama o za\u0161titi podataka informiramo vas o va\u017enim aspektima obrade podataka na na\u0161oj web stranici.<\/p>\n<h3>Va\u0161e informacije<\/h3>\n<p class=\"translation-block\"><strong>Prikupljanje i obrada Va\u0161ih podataka<\/strong><br>Obrada osobnih podataka koje dobrovoljno stavljate na raspolaganje na\u0161im servisima i portalima nu\u017ena je kako bismo mogli obraditi Va\u0161e upite, narud\u017ebe, zahtjeve i sl., pripremamo i sklapamo ugovore te Vam \u0161aljemo e-novosti.<\/p>\n<p class=\"translation-block\"><strong>Prijenos podataka<\/strong><br>Va\u0161i podaci unutar <em>Vi\u0161ina d.o.o.<\/em> proslje\u0111uju se samo ako slu\u017ee ispunjenju Va\u0161eg zahtjeva ili Va\u0161eg interesa. \u0160titimo povjerljivost va\u0161ih podataka i ne\u0107emo ih prodavati, iznajmljivati \u200b\u200bili stavljati na raspolaganje tre\u0107im stranama.<\/p>\n<p>Mirenje prema dr\u017eavnim institucijama i tijelima provodi se samo u okviru obveznog nacionalnog zakonodavstva.<\/p>\n<h3>Va\u0161a prava<\/h3>\n<p>Na\u010delno imate pravo na informaciju, ispravak, brisanje, ograni\u010denje, prijenos podataka, otkazivanje i prigovor. Ukoliko smatrate da je obrada Va\u0161ih podataka u suprotnosti sa Zakonom o za\u0161titi podataka ili da su Vam na bilo koji na\u010din povrije\u0111ena prava na za\u0161titu podataka, mo\u017eete podnijeti pritu\u017ebu nadzornom tijelu.<\/p>\n<p class=\"translation-block\">Imate pravo od Vi\u0161ina d.o.o. zatra\u017eiti informacije o osobnim podacima koje smo pohranili o Vama. Osim toga, imate pravo zahtijevati da se podaci isprave, izbri\u0161u, ograni\u010de ili zaustave njihova obrada te da se pohranjeni podaci proslijede Vama ili tre\u0107oj strani koju Vi odredite u odgovaraju\u0107em obliku.<\/p>\n<p>Ako se va\u0161 zahtjev ne mo\u017ee obraditi ili ne\u0107e biti obra\u0111en u roku od mjesec dana od primitka, imate pravo podnijeti prigovor nadzornom tijelu. Nadle\u017eno nadzorno tijelo je Informacijski povjerenik Republike Slovenije.<\/p>\n<p>Svoje zahteve lahko po po\u0161ti ali po e-po\u0161ti po\u0161ljete na naslednje naslove:<\/p>\n<p><em>Vi\u0161ina d.o.o.<\/em><\/p>\n<p><em>Sermin 71a,<\/em><\/p>\n<p><i>6000 Koper<\/i><\/p>\n<p>Navedite svoje podatke za kontakt, naziv web stranice ili doti\u010dne usluge te detaljan opis va\u0161eg zahtjeva ili postavke za\u0161tite podataka.<\/p>\n<p>Imajte na umu da radi va\u0161e sigurnosti od upita ili zahtjeva od strane neovla\u0161tenih tre\u0107ih strana, informacije dostavljamo isklju\u010divo u pisanom obliku na po\u0161tansku adresu koju ste naveli na relevantnim portalima.<\/p>\t\t\t\t\t\t\t\t<\/div>\n\t\t\t\t<\/div>\n\t\t\t\t\t<\/div>\n\t\t<\/div>\n\t\t\t\t\t<\/div>\n\t\t<\/section>\n\t\t\t\t<\/div>","protected":false},"excerpt":{"rendered":"<p>Politika zasebnosti Izjava o obveznosti obve\u0161\u010danja Varstvo va\u0161ih osebnih podatkov je za nas zelo pomembno. Va\u0161e podatke obdelujemo izklju\u010dno na podlagi zakonskih dolo\u010db (Splo\u0161na uredba o varstvu podatkov \u2013 Uredba (EU) 2016\/679, Zakon o spremembi zakona o varstvu podatkov 2018, Zakon o telekomunikacijah 2003). V pri\u010dujo\u010dih informacijah o varstvu podatkov vas obve\u0161\u010damo o pomembnih vidikih [&hellip;]<\/p>","protected":false},"author":1,"featured_media":0,"parent":0,"menu_order":0,"comment_status":"closed","ping_status":"open","template":"","meta":{"om_disable_all_campaigns":false,"inline_featured_image":false,"_monsterinsights_skip_tracking":false,"_monsterinsights_sitenote_active":false,"_monsterinsights_sitenote_note":"","_monsterinsights_sitenote_category":0,"footnotes":""},"class_list":["post-3","page","type-page","status-publish","hentry"],"aioseo_notices":[],"_links":{"self":[{"href":"https:\/\/visina.click.si\/hr\/wp-json\/wp\/v2\/pages\/3","targetHints":{"allow":["GET"]}}],"collection":[{"href":"https:\/\/visina.click.si\/hr\/wp-json\/wp\/v2\/pages"}],"about":[{"href":"https:\/\/visina.click.si\/hr\/wp-json\/wp\/v2\/types\/page"}],"author":[{"embeddable":true,"href":"https:\/\/visina.click.si\/hr\/wp-json\/wp\/v2\/users\/1"}],"replies":[{"embeddable":true,"href":"https:\/\/visina.click.si\/hr\/wp-json\/wp\/v2\/comments?post=3"}],"version-history":[{"count":4,"href":"https:\/\/visina.click.si\/hr\/wp-json\/wp\/v2\/pages\/3\/revisions"}],"predecessor-version":[{"id":2160,"href":"https:\/\/visina.click.si\/hr\/wp-json\/wp\/v2\/pages\/3\/revisions\/2160"}],"wp:attachment":[{"href":"https:\/\/visina.click.si\/hr\/wp-json\/wp\/v2\/media?parent=3"}],"curies":[{"name":"wp","href":"https:\/\/api.w.org\/{rel}","templated":true}]}}