{"id":650,"date":"2022-08-05T13:40:43","date_gmt":"2022-08-05T13:40:43","guid":{"rendered":"https:\/\/visina.click.si\/?page_id=650"},"modified":"2022-08-16T09:45:20","modified_gmt":"2022-08-16T09:45:20","slug":"pravno-obvestilo","status":"publish","type":"page","link":"https:\/\/visina.click.si\/hr\/pravno-obvestilo\/","title":{"rendered":"Pravna obavijest"},"content":{"rendered":"<div data-elementor-type=\"wp-page\" data-elementor-id=\"650\" class=\"elementor elementor-650\" data-elementor-post-type=\"page\">\n\t\t\t\t\t\t<section class=\"elementor-section elementor-top-section elementor-element elementor-element-5c04b824 elementor-section-height-min-height elementor-section-items-bottom elementor-section-boxed elementor-section-height-default\" data-id=\"5c04b824\" data-element_type=\"section\" data-settings=\"{&quot;background_background&quot;:&quot;classic&quot;}\">\n\t\t\t\t\t\t<div class=\"elementor-container elementor-column-gap-default\">\n\t\t\t\t\t<div class=\"elementor-column elementor-col-100 elementor-top-column elementor-element elementor-element-2dd76075\" data-id=\"2dd76075\" data-element_type=\"column\">\n\t\t\t<div class=\"elementor-widget-wrap elementor-element-populated\">\n\t\t\t\t\t\t<div class=\"elementor-element elementor-element-56dd47c2 elementor-widget elementor-widget-heading\" data-id=\"56dd47c2\" data-element_type=\"widget\" data-widget_type=\"heading.default\">\n\t\t\t\t<div class=\"elementor-widget-container\">\n\t\t\t\t\t<h1 class=\"elementor-heading-title elementor-size-default\">Pravna obavijest<\/h1>\t\t\t\t<\/div>\n\t\t\t\t<\/div>\n\t\t\t\t<div class=\"elementor-element elementor-element-6a3a6d0e elementor-widget elementor-widget-spacer\" data-id=\"6a3a6d0e\" data-element_type=\"widget\" data-widget_type=\"spacer.default\">\n\t\t\t\t<div class=\"elementor-widget-container\">\n\t\t\t\t\t\t\t<div class=\"elementor-spacer\">\n\t\t\t<div class=\"elementor-spacer-inner\"><\/div>\n\t\t<\/div>\n\t\t\t\t\t\t<\/div>\n\t\t\t\t<\/div>\n\t\t\t\t\t<\/div>\n\t\t<\/div>\n\t\t\t\t\t<\/div>\n\t\t<\/section>\n\t\t\t\t<section class=\"elementor-section elementor-top-section elementor-element elementor-element-41f9241d elementor-section-boxed elementor-section-height-default elementor-section-height-default\" data-id=\"41f9241d\" data-element_type=\"section\">\n\t\t\t\t\t\t<div class=\"elementor-container elementor-column-gap-default\">\n\t\t\t\t\t<div class=\"elementor-column elementor-col-100 elementor-top-column elementor-element elementor-element-51bd242\" data-id=\"51bd242\" data-element_type=\"column\">\n\t\t\t<div class=\"elementor-widget-wrap elementor-element-populated\">\n\t\t\t\t\t\t<div class=\"elementor-element elementor-element-fc921b4 elementor-widget elementor-widget-text-editor\" data-id=\"fc921b4\" data-element_type=\"widget\" data-widget_type=\"text-editor.default\">\n\t\t\t\t<div class=\"elementor-widget-container\">\n\t\t\t\t\t\t\t\t\t<h4><strong>Za\u0161tita prava<\/strong><\/h4><p>Predmet ove obavijesti je web stranica www.visina.si.<\/p><p>Sav sadr\u017eaj na ovim stranicama vlasni\u0161tvo je VI\u0160INA d.o.o. (u daljnjem tekstu: VI\u0160INA) i informativnog je karaktera.\u00a0<\/p><p>U VI\u0160INI smo web stranicu osmislili s ciljem pru\u017eanja op\u0107ih informacija o tvrtki i novosti iz poslovnog svijeta.<\/p><p>Ulaskom u bilo koji dio web stranice VI\u0160INA pristajete na sva ovdje navedena ograni\u010denja i uvjete. Ako se ne sla\u017eete s njima, nemojte ulaziti na ovu stranicu. Savjetujemo vam da posjetite na\u0161u stranicu i pregledate trenutne uvjete kori\u0161tenja, jer su pravno obvezuju\u0107i.<\/p><p>Slu\u017ebeni, pravni i formalni podaci o dru\u0161tvu i poslovanju dru\u0161tva mogu se razlikovati od podataka na web stranicama dru\u0161tva.<\/p><p>\u00a0<\/p><h4><strong>Ograni\u010denje odgovornosti<\/strong><\/h4><p>VI\u0160INA \u0107e se truditi na svojim stranicama pru\u017eiti \u0161to to\u010dnije i a\u017eurnije podatke, no korisnike web stranice podsje\u0107amo da su tekstovi informativnog karaktera, stoga ne jam\u010di i ne preuzima nikakvu odgovornost za njihovu to\u010dnost i cjelovitost stranica. Svi posjetitelji koriste objavljeni sadr\u017eaj na vlastitu odgovornost. VI\u0160INA zadr\u017eava pravo izmjene, dodavanja ili uklanjanja sadr\u017eaja ovih web stranica u bilo koje vrijeme, bez prethodne najave.<\/p><p>Niti VI\u0160INA niti bilo koja druga pravna ili fizi\u010dka osoba koja je sudjelovala u izradi i izradi ovih web stranica ne odgovara za povremeni nefunkcionisanje web stranice, za eventualnu neto\u010dnost podataka, kao ni za mogu\u0107u \u0161tetu nastalu kori\u0161tenjem neto\u010dnih ili nepotpunih informacija, stoga nije odgovoran za bilo kakvu \u0161tetu ili neugodnosti proiza\u0161le iz postojanja web stranica, iz pristupa i\/ili kori\u0161tenja i\/ili nemogu\u0107nosti kori\u0161tenja informacija na tim web stranicama i\/ili za bilo kakve pogre\u0161ke ili nedostatke u njihovom sadr\u017eaju, bez obzira na jesu li bili obavije\u0161teni o mogu\u0107nosti takve \u0161tete.<\/p><p>Na stranicama VI\u0160INE nalaze se i poveznice na druge stranice, reference, partnere koji nisu ni na koji na\u010din povezani s VI\u0160INOM. VI\u0160INA ne mo\u017ee jam\u010diti, niti primati niti proslje\u0111ivati \u200b\u200bpritu\u017ebe na to\u010dnost sadr\u017eaja bilo koje web stranice na koju daje poveznicu ili referencu, te ne preuzima nikakvu odgovornost za za\u0161titu podataka na tim web stranicama.<\/p><h4>\u00a0<\/h4><h4><strong>Autorska prava<\/strong><\/h4><p>Sve informacije i slike objavljene na web stranici (tekstovi, fotografije, skice, karte i planovi, ra\u010dunalni programi) podlije\u017eu za\u0161titi autorskih prava prema Zakonu o autorskim i srodnim pravima (Slu\u017ebeni list Republike Slovenije, br. 21\/1995 s izmjene i dopune). Mogu se koristiti isklju\u010divo u obrazovne i nekomercijalne svrhe, a sve obavijesti o autorskim ili drugim pravima moraju se zadr\u017eati i ne smiju se kopirati, reproducirati ili na drugi na\u010din distribuirati u komercijalne svrhe. Svaka reprodukcija (kopiranje, reprodukcija, objava, prijenos) mora navesti VI\u0160INA kao izvor.<\/p><p>VI\u0160INA zadr\u017eava pravo u bilo koje vrijeme i na bilo koji na\u010din, bez obzira na razlog i bez prethodnog upozorenja, djelomi\u010dno ili u cijelosti promijeniti, dodati ili ukloniti sadr\u017eaj objavljen na ovim stranicama. Svi korisnici koriste sve objavljene sadr\u017eaje na vlastitu odgovornost.<\/p><h4>\u00a0<\/h4><h4><strong>Za\u0161tita privatnosti<\/strong><\/h4><p>VI\u0160INA se obvezuje \u010duvati povjerljivost osobnih podataka korisnika web stranice. Prikupljene podatke koristit \u0107emo isklju\u010divo za pobolj\u0161anje kori\u0161tenja web stranice i u svrhe za koje ih korisnici web stranice daju. Osobni podaci i kontakt informacije ne\u0107e se koristiti u druge svrhe i ne\u0107e se otkrivati \u200b\u200btre\u0107im stranama bez izri\u010ditog dopu\u0161tenja korisnika web stranice. U\u010dinit \u0107emo sve \u0161to mo\u017eemo kako bismo za\u0161titili va\u0161e osobne podatke od bilo kakve povrede i zlouporabe.<\/p>\t\t\t\t\t\t\t\t<\/div>\n\t\t\t\t<\/div>\n\t\t\t\t\t<\/div>\n\t\t<\/div>\n\t\t\t\t\t<\/div>\n\t\t<\/section>\n\t\t\t\t<\/div>","protected":false},"excerpt":{"rendered":"<p>Pravno obvestilo Za\u0161\u010dita pravic Predmet tega obvestila so spletne strani na naslovu www.visina.si. Vse vsebine na teh spletnih straneh so last podjetja VI\u0160INA d.o.o. (v nadaljevanju: VI\u0160INA) in je informativne narave.\u00a0 V podjetju VI\u0160INA smo na\u0161e spletno mesto oblikovali z namenom omogo\u010diti splo\u0161ne informacije o podjetju in novice s poslovnega sveta. Vstop v katerokoli podro\u010dje [&hellip;]<\/p>","protected":false},"author":1,"featured_media":0,"parent":0,"menu_order":0,"comment_status":"closed","ping_status":"closed","template":"","meta":{"om_disable_all_campaigns":false,"inline_featured_image":false,"_monsterinsights_skip_tracking":false,"_monsterinsights_sitenote_active":false,"_monsterinsights_sitenote_note":"","_monsterinsights_sitenote_category":0,"footnotes":""},"class_list":["post-650","page","type-page","status-publish","hentry"],"aioseo_notices":[],"_links":{"self":[{"href":"https:\/\/visina.click.si\/hr\/wp-json\/wp\/v2\/pages\/650","targetHints":{"allow":["GET"]}}],"collection":[{"href":"https:\/\/visina.click.si\/hr\/wp-json\/wp\/v2\/pages"}],"about":[{"href":"https:\/\/visina.click.si\/hr\/wp-json\/wp\/v2\/types\/page"}],"author":[{"embeddable":true,"href":"https:\/\/visina.click.si\/hr\/wp-json\/wp\/v2\/users\/1"}],"replies":[{"embeddable":true,"href":"https:\/\/visina.click.si\/hr\/wp-json\/wp\/v2\/comments?post=650"}],"version-history":[{"count":7,"href":"https:\/\/visina.click.si\/hr\/wp-json\/wp\/v2\/pages\/650\/revisions"}],"predecessor-version":[{"id":1153,"href":"https:\/\/visina.click.si\/hr\/wp-json\/wp\/v2\/pages\/650\/revisions\/1153"}],"wp:attachment":[{"href":"https:\/\/visina.click.si\/hr\/wp-json\/wp\/v2\/media?parent=650"}],"curies":[{"name":"wp","href":"https:\/\/api.w.org\/{rel}","templated":true}]}}