{"id":656,"date":"2022-08-05T13:51:18","date_gmt":"2022-08-05T13:51:18","guid":{"rendered":"https:\/\/visina.click.si\/?page_id=656"},"modified":"2022-08-16T12:57:28","modified_gmt":"2022-08-16T12:57:28","slug":"sofinanciranje","status":"publish","type":"page","link":"https:\/\/visina.click.si\/hr\/sofinanciranje\/","title":{"rendered":"Sofinanciranje"},"content":{"rendered":"<div data-elementor-type=\"wp-page\" data-elementor-id=\"656\" class=\"elementor elementor-656\" data-elementor-post-type=\"page\">\n\t\t\t\t\t\t<section class=\"elementor-section elementor-top-section elementor-element elementor-element-641baf6e elementor-section-height-min-height elementor-section-items-bottom elementor-section-boxed elementor-section-height-default\" data-id=\"641baf6e\" data-element_type=\"section\" data-settings=\"{&quot;background_background&quot;:&quot;classic&quot;}\">\n\t\t\t\t\t\t<div class=\"elementor-container elementor-column-gap-default\">\n\t\t\t\t\t<div class=\"elementor-column elementor-col-100 elementor-top-column elementor-element elementor-element-5ac7fb3f\" data-id=\"5ac7fb3f\" data-element_type=\"column\">\n\t\t\t<div class=\"elementor-widget-wrap elementor-element-populated\">\n\t\t\t\t\t\t<div class=\"elementor-element elementor-element-4d5c4f82 elementor-widget elementor-widget-heading\" data-id=\"4d5c4f82\" data-element_type=\"widget\" data-widget_type=\"heading.default\">\n\t\t\t\t<div class=\"elementor-widget-container\">\n\t\t\t\t\t<h1 class=\"elementor-heading-title elementor-size-default\">Sofinanciranje<\/h1>\t\t\t\t<\/div>\n\t\t\t\t<\/div>\n\t\t\t\t<div class=\"elementor-element elementor-element-3a1b5618 elementor-widget elementor-widget-spacer\" data-id=\"3a1b5618\" data-element_type=\"widget\" data-widget_type=\"spacer.default\">\n\t\t\t\t<div class=\"elementor-widget-container\">\n\t\t\t\t\t\t\t<div class=\"elementor-spacer\">\n\t\t\t<div class=\"elementor-spacer-inner\"><\/div>\n\t\t<\/div>\n\t\t\t\t\t\t<\/div>\n\t\t\t\t<\/div>\n\t\t\t\t\t<\/div>\n\t\t<\/div>\n\t\t\t\t\t<\/div>\n\t\t<\/section>\n\t\t\t\t<section class=\"elementor-section elementor-top-section elementor-element elementor-element-7010837 elementor-section-boxed elementor-section-height-default elementor-section-height-default\" data-id=\"7010837\" data-element_type=\"section\">\n\t\t\t\t\t\t<div class=\"elementor-container elementor-column-gap-default\">\n\t\t\t\t\t<div class=\"elementor-column elementor-col-100 elementor-top-column elementor-element elementor-element-33e1685\" data-id=\"33e1685\" data-element_type=\"column\">\n\t\t\t<div class=\"elementor-widget-wrap elementor-element-populated\">\n\t\t\t\t\t\t<div class=\"elementor-element elementor-element-1d216c2 elementor-widget elementor-widget-text-editor\" data-id=\"1d216c2\" data-element_type=\"widget\" data-widget_type=\"text-editor.default\">\n\t\t\t\t<div class=\"elementor-widget-container\">\n\t\t\t\t\t\t\t\t\t<p>Podjetje\u00a0<strong>Vi\u0161ina d.o.o.<\/strong>\u00a0je na javnem pozivu za Vav\u010der za digitalni marketing uspe\u0161no pridobilo sofinanciranje upravi\u010denih stro\u0161kov za digitalni marketing.<\/p><p>Namen in cilj javnega poziva je spodbuditi ciljne skupine tega javnega poziva, k uvajanju digitalnega marketinga, s \u010dimer se bo pove\u010dala njihova konkuren\u010dnost, dodana vrednost oz. prihodki od prodaje.<\/p><p>Na poziv se lahko prijavijo mikro, mala in srednje velika podjetja s sede\u017eem v Republiki Sloveniji, ki se kot pravna ali fizi\u010dna oseba, ukvarjajo z gospodarsko dejavnostjo in so organizirana kot gospodarske dru\u017ebe, samostojni podjetniki posamezniki ali zadruge.<\/p><p>Nalo\u017ebo sofinancirata Republika Slovenija in Evropska unija iz Evropskega sklada za regionalni razvoj.<\/p><p>Povezava na spletno stran EKP v Sloveniji:\u00a0<a href=\"http:\/\/www.eu-skladi.si\/\" target=\"_blank\" rel=\"noreferrer noopener\">www.eu-skladi.si<\/a><\/p>\t\t\t\t\t\t\t\t<\/div>\n\t\t\t\t<\/div>\n\t\t\t\t<section class=\"elementor-section elementor-inner-section elementor-element elementor-element-c78e76f elementor-section-content-middle elementor-section-boxed elementor-section-height-default elementor-section-height-default\" data-id=\"c78e76f\" data-element_type=\"section\">\n\t\t\t\t\t\t<div class=\"elementor-container elementor-column-gap-default\">\n\t\t\t\t\t<div class=\"elementor-column elementor-col-33 elementor-inner-column elementor-element elementor-element-3277deb\" data-id=\"3277deb\" data-element_type=\"column\">\n\t\t\t<div class=\"elementor-widget-wrap elementor-element-populated\">\n\t\t\t\t\t\t<div class=\"elementor-element elementor-element-8c2ef6f elementor-widget elementor-widget-image\" data-id=\"8c2ef6f\" data-element_type=\"widget\" data-widget_type=\"image.default\">\n\t\t\t\t<div class=\"elementor-widget-container\">\n\t\t\t\t\t\t\t\t\t\t\t\t\t\t\t\t<a href=\"https:\/\/www.gov.si\/drzavni-organi\/ministrstva\/ministrstvo-za-gospodarski-razvoj-in-tehnologijo\/\" target=\"_blank\">\n\t\t\t\t\t\t\t<img fetchpriority=\"high\" decoding=\"async\" width=\"510\" height=\"100\" src=\"https:\/\/visina.click.si\/wp-content\/uploads\/2022\/08\/logo-01.png\" class=\"attachment-large size-large wp-image-216\" alt=\"\" srcset=\"https:\/\/visina.click.si\/wp-content\/uploads\/2022\/08\/logo-01.png 510w, https:\/\/visina.click.si\/wp-content\/uploads\/2022\/08\/logo-01-300x59.png 300w\" sizes=\"(max-width: 510px) 100vw, 510px\" \/>\t\t\t\t\t\t\t\t<\/a>\n\t\t\t\t\t\t\t\t\t\t\t\t\t\t\t<\/div>\n\t\t\t\t<\/div>\n\t\t\t\t\t<\/div>\n\t\t<\/div>\n\t\t\t\t<div class=\"elementor-column elementor-col-33 elementor-inner-column elementor-element elementor-element-9ff63b7\" data-id=\"9ff63b7\" data-element_type=\"column\">\n\t\t\t<div class=\"elementor-widget-wrap elementor-element-populated\">\n\t\t\t\t\t\t<div class=\"elementor-element elementor-element-3f1c2b1 elementor-widget elementor-widget-image\" data-id=\"3f1c2b1\" data-element_type=\"widget\" data-widget_type=\"image.default\">\n\t\t\t\t<div class=\"elementor-widget-container\">\n\t\t\t\t\t\t\t\t\t\t\t\t\t\t\t\t<a href=\"https:\/\/www.eu-skladi.si\/\" target=\"_blank\">\n\t\t\t\t\t\t\t<img decoding=\"async\" width=\"240\" height=\"100\" src=\"https:\/\/visina.click.si\/wp-content\/uploads\/2022\/08\/logo-02.png\" class=\"attachment-large size-large wp-image-217\" alt=\"\" \/>\t\t\t\t\t\t\t\t<\/a>\n\t\t\t\t\t\t\t\t\t\t\t\t\t\t\t<\/div>\n\t\t\t\t<\/div>\n\t\t\t\t\t<\/div>\n\t\t<\/div>\n\t\t\t\t<div class=\"elementor-column elementor-col-33 elementor-inner-column elementor-element elementor-element-ca1c6ed\" data-id=\"ca1c6ed\" data-element_type=\"column\">\n\t\t\t<div class=\"elementor-widget-wrap elementor-element-populated\">\n\t\t\t\t\t\t<div class=\"elementor-element elementor-element-5964975 elementor-widget elementor-widget-image\" data-id=\"5964975\" data-element_type=\"widget\" data-widget_type=\"image.default\">\n\t\t\t\t<div class=\"elementor-widget-container\">\n\t\t\t\t\t\t\t\t\t\t\t\t\t\t\t\t<a href=\"https:\/\/www.podjetniskisklad.si\/\" target=\"_blank\">\n\t\t\t\t\t\t\t<img decoding=\"async\" width=\"274\" height=\"100\" src=\"https:\/\/visina.click.si\/wp-content\/uploads\/2022\/08\/logo-03.png\" class=\"attachment-large size-large wp-image-218\" alt=\"\" \/>\t\t\t\t\t\t\t\t<\/a>\n\t\t\t\t\t\t\t\t\t\t\t\t\t\t\t<\/div>\n\t\t\t\t<\/div>\n\t\t\t\t\t<\/div>\n\t\t<\/div>\n\t\t\t\t\t<\/div>\n\t\t<\/section>\n\t\t\t\t\t<\/div>\n\t\t<\/div>\n\t\t\t\t\t<\/div>\n\t\t<\/section>\n\t\t\t\t<\/div>","protected":false},"excerpt":{"rendered":"<p>Sofinanciranje Podjetje\u00a0Vi\u0161ina d.o.o.\u00a0je na javnem pozivu za Vav\u010der za digitalni marketing uspe\u0161no pridobilo sofinanciranje upravi\u010denih stro\u0161kov za digitalni marketing. Namen in cilj javnega poziva je spodbuditi ciljne skupine tega javnega poziva, k uvajanju digitalnega marketinga, s \u010dimer se bo pove\u010dala njihova konkuren\u010dnost, dodana vrednost oz. prihodki od prodaje. Na poziv se lahko prijavijo mikro, mala [&hellip;]<\/p>","protected":false},"author":1,"featured_media":0,"parent":0,"menu_order":0,"comment_status":"closed","ping_status":"closed","template":"","meta":{"om_disable_all_campaigns":false,"inline_featured_image":false,"_monsterinsights_skip_tracking":false,"_monsterinsights_sitenote_active":false,"_monsterinsights_sitenote_note":"","_monsterinsights_sitenote_category":0,"footnotes":""},"class_list":["post-656","page","type-page","status-publish","hentry"],"aioseo_notices":[],"_links":{"self":[{"href":"https:\/\/visina.click.si\/hr\/wp-json\/wp\/v2\/pages\/656","targetHints":{"allow":["GET"]}}],"collection":[{"href":"https:\/\/visina.click.si\/hr\/wp-json\/wp\/v2\/pages"}],"about":[{"href":"https:\/\/visina.click.si\/hr\/wp-json\/wp\/v2\/types\/page"}],"author":[{"embeddable":true,"href":"https:\/\/visina.click.si\/hr\/wp-json\/wp\/v2\/users\/1"}],"replies":[{"embeddable":true,"href":"https:\/\/visina.click.si\/hr\/wp-json\/wp\/v2\/comments?post=656"}],"version-history":[{"count":16,"href":"https:\/\/visina.click.si\/hr\/wp-json\/wp\/v2\/pages\/656\/revisions"}],"predecessor-version":[{"id":1163,"href":"https:\/\/visina.click.si\/hr\/wp-json\/wp\/v2\/pages\/656\/revisions\/1163"}],"wp:attachment":[{"href":"https:\/\/visina.click.si\/hr\/wp-json\/wp\/v2\/media?parent=656"}],"curies":[{"name":"wp","href":"https:\/\/api.w.org\/{rel}","templated":true}]}}