{"id":2729,"date":"2023-05-23T09:44:33","date_gmt":"2023-05-23T07:44:33","guid":{"rendered":"https:\/\/visina.click.si\/?post_type=product&#038;p=2729"},"modified":"2023-05-24T15:13:58","modified_gmt":"2023-05-24T13:13:58","slug":"toyota","status":"publish","type":"product","link":"https:\/\/visina.click.si\/hr\/najem\/vilicarji\/toyota\/","title":{"rendered":"TOYOTA"},"content":{"rendered":"<p><strong>Maksimalna visina dizanja:<\/strong> 4,00 m<br \/>\n<strong>Nosivost u te\u017ei\u0161tu vilice 500 mm:<\/strong> 3.000 kg<br \/>\n<strong>Nosivost u te\u017ei\u0161tu vilice 1000 mm:<\/strong> 2.000 kg<br \/>\n<strong>Visina vili\u010dara:<\/strong> 2,610 m<br \/>\n<strong>\u0160irina vili\u010dara:<\/strong> 1,240 m<br \/>\n<strong>Duljina vilice:<\/strong> 1,200 m<br \/>\n<strong>Te\u017eina stroja:<\/strong> 4.540 kg<br \/>\n<strong>Motor:<\/strong> Dizel<br \/>\n&nbsp;<\/p>\n<p><a class=\"read-more-btn\" href=\"\/wp-content\/uploads\/2022\/09\/VILICAR-TOYOTA.pdf\" target=\"_blank\" rel=\"noopener\">Pro\u010ditaj vi\u0161e<\/a><\/p>","protected":false},"excerpt":{"rendered":"<p>Maksimalna vi\u0161ina dviga: 4,00 m Nosilnost na te\u017ei\u0161\u010du vilic 500 mm: 3.000 kg Nosilnost na te\u017ei\u0161\u010du vilic 1000 mm: 2.000 kg Vi\u0161ina vili\u010darja: 2,610 m \u0160irina vili\u010darja: 1,240 m Dol\u017eina vilic: 1,200 m Te\u017ea stroja: 4.540 kg Motor: Dizel &nbsp; Preberi ve\u010d<\/p>","protected":false},"featured_media":2730,"template":"","meta":{"om_disable_all_campaigns":false,"inline_featured_image":false,"_monsterinsights_skip_tracking":false,"_monsterinsights_sitenote_active":false,"_monsterinsights_sitenote_note":"","_monsterinsights_sitenote_category":0},"product_brand":[],"product_cat":[48],"product_tag":[],"class_list":{"0":"post-2729","1":"product","2":"type-product","3":"status-publish","4":"has-post-thumbnail","6":"product_cat-vilicarji","7":"pa_pogon-dizel","9":"first","10":"instock","11":"shipping-taxable","12":"purchasable","13":"product-type-simple"},"aioseo_notices":[],"_links":{"self":[{"href":"https:\/\/visina.click.si\/hr\/wp-json\/wp\/v2\/product\/2729","targetHints":{"allow":["GET"]}}],"collection":[{"href":"https:\/\/visina.click.si\/hr\/wp-json\/wp\/v2\/product"}],"about":[{"href":"https:\/\/visina.click.si\/hr\/wp-json\/wp\/v2\/types\/product"}],"wp:featuredmedia":[{"embeddable":true,"href":"https:\/\/visina.click.si\/hr\/wp-json\/wp\/v2\/media\/2730"}],"wp:attachment":[{"href":"https:\/\/visina.click.si\/hr\/wp-json\/wp\/v2\/media?parent=2729"}],"wp:term":[{"taxonomy":"product_brand","embeddable":true,"href":"https:\/\/visina.click.si\/hr\/wp-json\/wp\/v2\/product_brand?post=2729"},{"taxonomy":"product_cat","embeddable":true,"href":"https:\/\/visina.click.si\/hr\/wp-json\/wp\/v2\/product_cat?post=2729"},{"taxonomy":"product_tag","embeddable":true,"href":"https:\/\/visina.click.si\/hr\/wp-json\/wp\/v2\/product_tag?post=2729"}],"curies":[{"name":"wp","href":"https:\/\/api.w.org\/{rel}","templated":true}]}}