{"id":3602,"date":"2024-02-19T10:01:20","date_gmt":"2024-02-19T09:01:20","guid":{"rendered":"https:\/\/visina.si\/?post_type=product&#038;p=3602"},"modified":"2024-02-19T10:01:21","modified_gmt":"2024-02-19T09:01:21","slug":"zeus-40-13-gd-st-v","status":"publish","type":"product","link":"https:\/\/visina.click.si\/hr\/najem\/dvigala-pick-carry\/zeus-40-13-gd-st-v\/","title":{"rendered":"ZEUS 40.13 GD ST V"},"content":{"rendered":"<ul>\n<li style=\"font-weight: 400;\">Duljina 7.170 mm<\/li>\n<li style=\"font-weight: 400;\">\u0160irina 2290 mm<\/li>\n<li style=\"font-weight: 400;\">Visina 2860 mm<\/li>\n<li style=\"font-weight: 400;\">Te\u017eina 8.900 kg<\/li>\n<li style=\"font-weight: 400;\">Brzina 30 km\/h<\/li>\n<\/ul>\n<p style=\"font-weight: 400;\">Sa stabilizatorima:<\/p>\n<ul>\n<li style=\"font-weight: 400;\">Podizanje na visinu od 12,5 m (3400 kg)<\/li>\n<li style=\"font-weight: 400;\">Podizanje na visinu od 10,5 m ( 4.000 kg )<\/li>\n<li style=\"font-weight: 400;\">Podizanje u stranu max. 8,5 m (1000 kg)<\/li>\n<\/ul>","protected":false},"excerpt":{"rendered":"<p>Dol\u017eina 7.170 mm \u0160irina 2290 mm Vi\u0161ina 2860 mm Te\u017ea 8.900 kg Hitrost 30 km\/h S stabilizatorji: Dvig v vi\u0161ino 12,5 m ( 3.400 kg ) Dvig v vi\u0161ino 10,5 m ( 4.000 kg ) Dvig v stran max. 8,5 m ( 1.000 kg )<\/p>","protected":false},"featured_media":3596,"template":"","meta":{"om_disable_all_campaigns":false,"inline_featured_image":false,"_monsterinsights_skip_tracking":false,"_monsterinsights_sitenote_active":false,"_monsterinsights_sitenote_note":"","_monsterinsights_sitenote_category":0},"product_brand":[],"product_cat":[51],"product_tag":[],"class_list":{"0":"post-3602","1":"product","2":"type-product","3":"status-publish","4":"has-post-thumbnail","6":"product_cat-dvigala-pick-carry","8":"first","9":"instock","10":"shipping-taxable","11":"product-type-simple"},"aioseo_notices":[],"_links":{"self":[{"href":"https:\/\/visina.click.si\/hr\/wp-json\/wp\/v2\/product\/3602","targetHints":{"allow":["GET"]}}],"collection":[{"href":"https:\/\/visina.click.si\/hr\/wp-json\/wp\/v2\/product"}],"about":[{"href":"https:\/\/visina.click.si\/hr\/wp-json\/wp\/v2\/types\/product"}],"wp:featuredmedia":[{"embeddable":true,"href":"https:\/\/visina.click.si\/hr\/wp-json\/wp\/v2\/media\/3596"}],"wp:attachment":[{"href":"https:\/\/visina.click.si\/hr\/wp-json\/wp\/v2\/media?parent=3602"}],"wp:term":[{"taxonomy":"product_brand","embeddable":true,"href":"https:\/\/visina.click.si\/hr\/wp-json\/wp\/v2\/product_brand?post=3602"},{"taxonomy":"product_cat","embeddable":true,"href":"https:\/\/visina.click.si\/hr\/wp-json\/wp\/v2\/product_cat?post=3602"},{"taxonomy":"product_tag","embeddable":true,"href":"https:\/\/visina.click.si\/hr\/wp-json\/wp\/v2\/product_tag?post=3602"}],"curies":[{"name":"wp","href":"https:\/\/api.w.org\/{rel}","templated":true}]}}