{"id":3,"date":"2022-07-14T07:27:06","date_gmt":"2022-07-14T07:27:06","guid":{"rendered":"https:\/\/visina.click.si\/?page_id=3"},"modified":"2022-10-03T11:08:59","modified_gmt":"2022-10-03T09:08:59","slug":"politika-zasebnosti","status":"publish","type":"page","link":"https:\/\/visina.click.si\/it\/politika-zasebnosti\/","title":{"rendered":"Politica sulla riservatezza"},"content":{"rendered":"<div data-elementor-type=\"wp-page\" data-elementor-id=\"3\" class=\"elementor elementor-3\" data-elementor-post-type=\"page\">\n\t\t\t\t\t\t<section class=\"elementor-section elementor-top-section elementor-element elementor-element-9b2012b elementor-section-height-min-height elementor-section-boxed elementor-section-height-default elementor-section-items-middle\" data-id=\"9b2012b\" data-element_type=\"section\" data-settings=\"{&quot;background_background&quot;:&quot;classic&quot;}\">\n\t\t\t\t\t\t<div class=\"elementor-container elementor-column-gap-default\">\n\t\t\t\t\t<div class=\"elementor-column elementor-col-100 elementor-top-column elementor-element elementor-element-2f794f2\" data-id=\"2f794f2\" data-element_type=\"column\">\n\t\t\t<div class=\"elementor-widget-wrap elementor-element-populated\">\n\t\t\t\t\t\t<div class=\"elementor-element elementor-element-d734d2c elementor-widget elementor-widget-heading\" data-id=\"d734d2c\" data-element_type=\"widget\" data-widget_type=\"heading.default\">\n\t\t\t\t<div class=\"elementor-widget-container\">\n\t\t\t\t\t<h1 class=\"elementor-heading-title elementor-size-default\">Politica sulla riservatezza<\/h1>\t\t\t\t<\/div>\n\t\t\t\t<\/div>\n\t\t\t\t\t<\/div>\n\t\t<\/div>\n\t\t\t\t\t<\/div>\n\t\t<\/section>\n\t\t\t\t<section class=\"elementor-section elementor-top-section elementor-element elementor-element-1ae66be elementor-section-boxed elementor-section-height-default elementor-section-height-default\" data-id=\"1ae66be\" data-element_type=\"section\">\n\t\t\t\t\t\t<div class=\"elementor-container elementor-column-gap-default\">\n\t\t\t\t\t<div class=\"elementor-column elementor-col-100 elementor-top-column elementor-element elementor-element-4b66f00\" data-id=\"4b66f00\" data-element_type=\"column\">\n\t\t\t<div class=\"elementor-widget-wrap elementor-element-populated\">\n\t\t\t\t\t\t<div class=\"elementor-element elementor-element-d04c0ff elementor-widget elementor-widget-text-editor\" data-id=\"d04c0ff\" data-element_type=\"widget\" data-widget_type=\"text-editor.default\">\n\t\t\t\t<div class=\"elementor-widget-container\">\n\t\t\t\t\t\t\t\t\t<h3>Dichiarazione sull'obbligo di informare<\/h3>\n<p>La protezione dei tuoi dati personali \u00e8 molto importante per noi. Trattiamo i tuoi dati esclusivamente sulla base delle disposizioni di legge (Regolamento generale sulla protezione dei dati - Regolamento (UE) 2016\/679, Data Protection Amendment Act 2018, Telecommunications Act 2003). Nella presente informativa sulla protezione dei dati vi informiamo su aspetti importanti del trattamento dei dati all'interno del nostro sito web.<\/p>\n<h3>Le tue informazioni<\/h3>\n<p class=\"translation-block\"><strong>Raccolta ed elaborazione dei tuoi dati<\/strong><br>Il trattamento dei dati personali che metti volontariamente a disposizione dei nostri servizi e portali \u00e8 necessario per poter elaborare le tue richieste, ordini, richieste, ecc., prepariamo e concludiamo contratti e ti inviamo e-news.<\/p>\n<p class=\"translation-block\"><strong>Trasferimento dei dati<\/strong><br>I vostri dati all'interno di <em>Vi\u0161ina d.o.o.<\/em> verranno inoltrati solo se servono all'adempimento della vostra richiesta o del vostro interesse. Proteggiamo la riservatezza delle tue informazioni e non le venderemo, ne affitteremo o le renderemo disponibili a terzi.<\/p>\n<p>La mediazione con istituzioni e organi statali viene effettuata solo nel quadro della legislazione nazionale obbligatoria.<\/p>\n<h3>I tuoi diritti<\/h3>\n<p>In linea di principio avete il diritto all'informazione, alla rettifica, alla cancellazione, alla limitazione, alla trasmissione dei dati, alla cancellazione e all'opposizione. Se ritieni che il trattamento dei tuoi dati avvenga in violazione della legge sulla protezione dei dati o che i tuoi diritti in materia di protezione dei dati siano stati in qualche modo violati, puoi presentare un reclamo all'autorit\u00e0 di controllo.<\/p>\n<p class=\"translation-block\">Hai il diritto di richiedere informazioni a Vi\u0161ina d.o.o. sui dati personali che abbiamo memorizzato su di te. Inoltre avete il diritto di richiedere la rettifica, la cancellazione dei dati, la limitazione o l'interruzione del trattamento e la trasmissione dei dati memorizzati a voi o a un terzo da voi designato in una forma adeguata.<\/p>\n<p>Se la tua richiesta non pu\u00f2 essere elaborata o non saranno trattati entro un mese dal ricevimento, hai il diritto di proporre reclamo all'autorit\u00e0 di controllo. L'autorit\u00e0 di controllo competente \u00e8 il Commissario per l'informazione della Repubblica di Slovenia.<\/p>\n<p>Svoje zahteve lahko po po\u0161ti ali po e-po\u0161ti po\u0161ljete na naslednje naslove:<\/p>\n<p><em>Vi\u0161ina d.o.o.<\/em><\/p>\n<p><em>Sermin 71a,<\/em><\/p>\n<p><i>6000 Koper<\/i><\/p>\n<p>Si prega di fornire le informazioni di contatto, il nome del sito Web o del rispettivo servizio e una descrizione dettagliata della richiesta o preferenze sulla protezione dei dati.<\/p>\n<p>Ti preghiamo di comprendere che per la tua sicurezza contro richieste o reclami da parte di terzi non autorizzati, forniamo informazioni esclusivamente per iscritto all'indirizzo postale da te fornito sui relativi portali.<\/p>\t\t\t\t\t\t\t\t<\/div>\n\t\t\t\t<\/div>\n\t\t\t\t\t<\/div>\n\t\t<\/div>\n\t\t\t\t\t<\/div>\n\t\t<\/section>\n\t\t\t\t<\/div>","protected":false},"excerpt":{"rendered":"<p>Politika zasebnosti Izjava o obveznosti obve\u0161\u010danja Varstvo va\u0161ih osebnih podatkov je za nas zelo pomembno. Va\u0161e podatke obdelujemo izklju\u010dno na podlagi zakonskih dolo\u010db (Splo\u0161na uredba o varstvu podatkov \u2013 Uredba (EU) 2016\/679, Zakon o spremembi zakona o varstvu podatkov 2018, Zakon o telekomunikacijah 2003). V pri\u010dujo\u010dih informacijah o varstvu podatkov vas obve\u0161\u010damo o pomembnih vidikih [&hellip;]<\/p>","protected":false},"author":1,"featured_media":0,"parent":0,"menu_order":0,"comment_status":"closed","ping_status":"open","template":"","meta":{"om_disable_all_campaigns":false,"inline_featured_image":false,"_monsterinsights_skip_tracking":false,"_monsterinsights_sitenote_active":false,"_monsterinsights_sitenote_note":"","_monsterinsights_sitenote_category":0,"footnotes":""},"class_list":["post-3","page","type-page","status-publish","hentry"],"aioseo_notices":[],"_links":{"self":[{"href":"https:\/\/visina.click.si\/it\/wp-json\/wp\/v2\/pages\/3","targetHints":{"allow":["GET"]}}],"collection":[{"href":"https:\/\/visina.click.si\/it\/wp-json\/wp\/v2\/pages"}],"about":[{"href":"https:\/\/visina.click.si\/it\/wp-json\/wp\/v2\/types\/page"}],"author":[{"embeddable":true,"href":"https:\/\/visina.click.si\/it\/wp-json\/wp\/v2\/users\/1"}],"replies":[{"embeddable":true,"href":"https:\/\/visina.click.si\/it\/wp-json\/wp\/v2\/comments?post=3"}],"version-history":[{"count":4,"href":"https:\/\/visina.click.si\/it\/wp-json\/wp\/v2\/pages\/3\/revisions"}],"predecessor-version":[{"id":2160,"href":"https:\/\/visina.click.si\/it\/wp-json\/wp\/v2\/pages\/3\/revisions\/2160"}],"wp:attachment":[{"href":"https:\/\/visina.click.si\/it\/wp-json\/wp\/v2\/media?parent=3"}],"curies":[{"name":"wp","href":"https:\/\/api.w.org\/{rel}","templated":true}]}}