{"id":312,"date":"2022-08-04T12:01:36","date_gmt":"2022-08-04T12:01:36","guid":{"rendered":"https:\/\/visina.click.si\/?page_id=312"},"modified":"2025-06-02T13:32:27","modified_gmt":"2025-06-02T11:32:27","slug":"usposabljanje","status":"publish","type":"page","link":"https:\/\/visina.click.si\/it\/formazione\/","title":{"rendered":"Formazione"},"content":{"rendered":"<div data-elementor-type=\"wp-page\" data-elementor-id=\"312\" class=\"elementor elementor-312\" data-elementor-post-type=\"page\">\n\t\t\t\t\t\t<section class=\"elementor-section elementor-top-section elementor-element elementor-element-078c9a8 elementor-section-height-min-height elementor-section-boxed elementor-section-height-default elementor-section-items-middle\" data-id=\"078c9a8\" data-element_type=\"section\" data-settings=\"{&quot;background_background&quot;:&quot;classic&quot;}\">\n\t\t\t\t\t\t<div class=\"elementor-container elementor-column-gap-default\">\n\t\t\t\t\t<div class=\"elementor-column elementor-col-100 elementor-top-column elementor-element elementor-element-3917ee4\" data-id=\"3917ee4\" data-element_type=\"column\">\n\t\t\t<div class=\"elementor-widget-wrap elementor-element-populated\">\n\t\t\t\t\t\t<div class=\"elementor-element elementor-element-9392f35 elementor-widget elementor-widget-heading\" data-id=\"9392f35\" data-element_type=\"widget\" data-widget_type=\"heading.default\">\n\t\t\t\t<div class=\"elementor-widget-container\">\n\t\t\t\t\t<h1 class=\"elementor-heading-title elementor-size-default\">Sicurezza e formazione<\/h1>\t\t\t\t<\/div>\n\t\t\t\t<\/div>\n\t\t\t\t\t<\/div>\n\t\t<\/div>\n\t\t\t\t\t<\/div>\n\t\t<\/section>\n\t\t\t\t<section class=\"elementor-section elementor-top-section elementor-element elementor-element-c927e06 elementor-section-boxed elementor-section-height-default elementor-section-height-default\" data-id=\"c927e06\" data-element_type=\"section\">\n\t\t\t\t\t\t<div class=\"elementor-container elementor-column-gap-default\">\n\t\t\t\t\t<div class=\"elementor-column elementor-col-100 elementor-top-column elementor-element elementor-element-c9b250c\" data-id=\"c9b250c\" data-element_type=\"column\">\n\t\t\t<div class=\"elementor-widget-wrap elementor-element-populated\">\n\t\t\t\t\t\t<div class=\"elementor-element elementor-element-8161f9b elementor-widget elementor-widget-text-editor\" data-id=\"8161f9b\" data-element_type=\"widget\" data-widget_type=\"text-editor.default\">\n\t\t\t\t<div class=\"elementor-widget-container\">\n\t\t\t\t\t\t\t\t\t<p>Oltre il 77% degli incidenti con piattaforme elevatrici avviene per una cattiva gestione: i motivi che portano agli incidenti sono: ignoranza della macchina, disattenzione e mancanza di competenza.<\/p><p>Nella societ\u00e0 Vi\u0161ina d.o.o. abbiamo sviluppato un programma di formazione con esperti. I corsi si tengono presso la nostra sede, Vi\u0161ina d.o.o. Sermin 71A a Capodistria e Celov\u0161ka 492 1000 Lubiana. I locali sono modernamente arredati e adatti ad un gran numero di persone.<\/p>\t\t\t\t\t\t\t\t<\/div>\n\t\t\t\t<\/div>\n\t\t\t\t<div class=\"elementor-element elementor-element-5fae2d3 elementor-widget elementor-widget-spacer\" data-id=\"5fae2d3\" data-element_type=\"widget\" data-widget_type=\"spacer.default\">\n\t\t\t\t<div class=\"elementor-widget-container\">\n\t\t\t\t\t\t\t<div class=\"elementor-spacer\">\n\t\t\t<div class=\"elementor-spacer-inner\"><\/div>\n\t\t<\/div>\n\t\t\t\t\t\t<\/div>\n\t\t\t\t<\/div>\n\t\t\t\t<div class=\"elementor-element elementor-element-ad8ff91 elementor-widget elementor-widget-heading\" data-id=\"ad8ff91\" data-element_type=\"widget\" data-widget_type=\"heading.default\">\n\t\t\t\t<div class=\"elementor-widget-container\">\n\t\t\t\t\t<h2 class=\"elementor-heading-title elementor-size-default\">Formazione per lavorare in sicurezza con cestello sollevabile e\/o carrello elevatore<\/h2>\t\t\t\t<\/div>\n\t\t\t\t<\/div>\n\t\t\t\t<div class=\"elementor-element elementor-element-206bbbf elementor-widget elementor-widget-text-editor\" data-id=\"206bbbf\" data-element_type=\"widget\" data-widget_type=\"text-editor.default\">\n\t\t\t\t<div class=\"elementor-widget-container\">\n\t\t\t\t\t\t\t\t\t<p>La legislazione richiede che i dipendenti siano formati per lavorare in sicurezza con tutti i dispositivi di lavoro che utilizzano nel loro lavoro (Legge sulla sicurezza e la salute sul lavoro). La qualificazione \u00e8 confermata dalla formazione teorica e pratica e dal rilascio di un certificato scritto.<\/p><p>Il programma \u00e8 sviluppato in collaborazione con esperti di vari settori e prevede una parte teorica e pratica della durata di 6 ore didattiche. L'aula per lo svolgimento del corso \u00e8 nuova e offre un monitoraggio moderno e di alta qualit\u00e0 della lezione, e durante il lavoro pratico i tirocinanti vengono formati sui dispositivi pi\u00f9 moderni.<\/p><p>Pogoji za kandidate in pristop na te\u010daj:<\/p><ul><li>Idoneit\u00e0 medica al lavoro in quota (certificato medico).<\/li><li>Durante la formazione e la verifica delle conoscenze, devono essere fisicamente idonei al lavoro.<\/li><li>Dati di contatto del candidato (azienda, nome e cognome, data di nascita, numero di telefono).<\/li><li>L'azienda dovr\u00e0 iscrivere i candidati e versare la quota di iscrizione prima dello svolgimento del corso.<\/li><li>Il numero di posti \u00e8 limitato.<\/li><\/ul>\t\t\t\t\t\t\t\t<\/div>\n\t\t\t\t<\/div>\n\t\t\t\t<div class=\"elementor-element elementor-element-bb1a3b1 elementor-widget elementor-widget-text-editor\" data-id=\"bb1a3b1\" data-element_type=\"widget\" data-widget_type=\"text-editor.default\">\n\t\t\t\t<div class=\"elementor-widget-container\">\n\t\t\t\t\t\t\t\t\t<p style=\"font-weight: 400;\" data-ogsb=\"white\"><strong>Usposabljanje za upravljalca dvi\u017ene ko\u0161are\u00a0 bo potekalo v sredo 2. 7. 2025 ob 10:00 v Kopru.<\/strong><\/p>\t\t\t\t\t\t\t\t<\/div>\n\t\t\t\t<\/div>\n\t\t\t\t<div class=\"elementor-element elementor-element-2d3e942 elementor-widget elementor-widget-text-editor\" data-id=\"2d3e942\" data-element_type=\"widget\" data-widget_type=\"text-editor.default\">\n\t\t\t\t<div class=\"elementor-widget-container\">\n\t\t\t\t\t\t\t\t\t<p>Il prezzo della formazione \u00e8 di \u20ac 110,00 + IVA<\/p>\t\t\t\t\t\t\t\t<\/div>\n\t\t\t\t<\/div>\n\t\t\t\t<div class=\"elementor-element elementor-element-8f026bf elementor-widget elementor-widget-text-editor\" data-id=\"8f026bf\" data-element_type=\"widget\" data-widget_type=\"text-editor.default\">\n\t\t\t\t<div class=\"elementor-widget-container\">\n\t\t\t\t\t\t\t\t\t<p>Dopo aver frequentato il corso, il candidato riceve un Certificato di Competenza per lavorare con una cesta di sollevamento e\/o un carrello elevatore.<\/p>\t\t\t\t\t\t\t\t<\/div>\n\t\t\t\t<\/div>\n\t\t\t\t\t<\/div>\n\t\t<\/div>\n\t\t\t\t\t<\/div>\n\t\t<\/section>\n\t\t\t\t<section class=\"elementor-section elementor-top-section elementor-element elementor-element-2ffb5e9 elementor-section-boxed elementor-section-height-default elementor-section-height-default\" data-id=\"2ffb5e9\" data-element_type=\"section\">\n\t\t\t\t\t\t<div class=\"elementor-container elementor-column-gap-default\">\n\t\t\t\t\t<div class=\"elementor-column elementor-col-100 elementor-top-column elementor-element elementor-element-c050469\" data-id=\"c050469\" data-element_type=\"column\">\n\t\t\t<div class=\"elementor-widget-wrap\">\n\t\t\t\t\t\t\t<\/div>\n\t\t<\/div>\n\t\t\t\t\t<\/div>\n\t\t<\/section>\n\t\t\t\t<section class=\"elementor-section elementor-top-section elementor-element elementor-element-eb4965c elementor-section-full_width rotate elementor-hidden-mobile elementor-section-height-default elementor-section-height-default\" data-id=\"eb4965c\" data-element_type=\"section\" data-settings=\"{&quot;background_background&quot;:&quot;classic&quot;,&quot;motion_fx_motion_fx_scrolling&quot;:&quot;yes&quot;,&quot;motion_fx_devices&quot;:[&quot;desktop&quot;,&quot;tablet&quot;,&quot;mobile&quot;]}\">\n\t\t\t\t\t\t<div class=\"elementor-container elementor-column-gap-default\">\n\t\t\t\t\t<div class=\"elementor-column elementor-col-100 elementor-top-column elementor-element elementor-element-6a78206\" data-id=\"6a78206\" data-element_type=\"column\">\n\t\t\t<div class=\"elementor-widget-wrap elementor-element-populated\">\n\t\t\t\t\t\t<div class=\"elementor-element elementor-element-5836fdb elementor-widget elementor-widget-heading\" data-id=\"5836fdb\" data-element_type=\"widget\" data-settings=\"{&quot;motion_fx_motion_fx_scrolling&quot;:&quot;yes&quot;,&quot;motion_fx_translateX_effect&quot;:&quot;yes&quot;,&quot;motion_fx_translateX_direction&quot;:&quot;negative&quot;,&quot;motion_fx_translateX_speed&quot;:{&quot;unit&quot;:&quot;px&quot;,&quot;size&quot;:10,&quot;sizes&quot;:[]},&quot;motion_fx_translateX_affectedRange&quot;:{&quot;unit&quot;:&quot;%&quot;,&quot;size&quot;:&quot;&quot;,&quot;sizes&quot;:{&quot;start&quot;:30,&quot;end&quot;:80}},&quot;motion_fx_devices&quot;:[&quot;desktop&quot;,&quot;tablet&quot;,&quot;mobile&quot;]}\" data-widget_type=\"heading.default\">\n\t\t\t\t<div class=\"elementor-widget-container\">\n\t\t\t\t\t<h2 class=\"elementor-heading-title elementor-size-default\">Noleggia adesso!\n\u00a0\u00a0\u00a0\u00a0Noleggia adesso! \u00a0\u00a0\u00a0\u00a0Noleggia adesso! \u00a0\u00a0\u00a0\u00a0Noleggia adesso! \u00a0\u00a0\u00a0\u00a0Noleggia adesso! \u00a0\u00a0\u00a0\u00a0Noleggia adesso! <\/h2>\t\t\t\t<\/div>\n\t\t\t\t<\/div>\n\t\t\t\t\t<\/div>\n\t\t<\/div>\n\t\t\t\t\t<\/div>\n\t\t<\/section>\n\t\t\t\t<section class=\"elementor-section elementor-top-section elementor-element elementor-element-e147ec3 elementor-section-full_width rotate-2 elementor-hidden-mobile elementor-section-height-default elementor-section-height-default\" data-id=\"e147ec3\" data-element_type=\"section\" data-settings=\"{&quot;background_background&quot;:&quot;classic&quot;,&quot;motion_fx_motion_fx_scrolling&quot;:&quot;yes&quot;,&quot;motion_fx_devices&quot;:[&quot;desktop&quot;,&quot;tablet&quot;,&quot;mobile&quot;]}\">\n\t\t\t\t\t\t<div class=\"elementor-container elementor-column-gap-default\">\n\t\t\t\t\t<div class=\"elementor-column elementor-col-100 elementor-top-column elementor-element elementor-element-2a8f32d\" data-id=\"2a8f32d\" data-element_type=\"column\">\n\t\t\t<div class=\"elementor-widget-wrap elementor-element-populated\">\n\t\t\t\t\t\t<div class=\"elementor-element elementor-element-f229cc7 elementor-widget elementor-widget-heading\" data-id=\"f229cc7\" data-element_type=\"widget\" data-settings=\"{&quot;motion_fx_motion_fx_scrolling&quot;:&quot;yes&quot;,&quot;motion_fx_translateX_effect&quot;:&quot;yes&quot;,&quot;motion_fx_translateX_speed&quot;:{&quot;unit&quot;:&quot;px&quot;,&quot;size&quot;:10,&quot;sizes&quot;:[]},&quot;motion_fx_translateX_affectedRange&quot;:{&quot;unit&quot;:&quot;%&quot;,&quot;size&quot;:&quot;&quot;,&quot;sizes&quot;:{&quot;start&quot;:30,&quot;end&quot;:80}},&quot;motion_fx_devices&quot;:[&quot;desktop&quot;,&quot;tablet&quot;,&quot;mobile&quot;]}\" data-widget_type=\"heading.default\">\n\t\t\t\t<div class=\"elementor-widget-container\">\n\t\t\t\t\t<h2 class=\"elementor-heading-title elementor-size-default\">ASCENSORE JMG MULTIONE MACCHINE USATE MACCHINE USATE SCALA IN ALU FARAONE ELEVAH TORRE FARO ASPIRAZIONE<\/h2>\t\t\t\t<\/div>\n\t\t\t\t<\/div>\n\t\t\t\t\t<\/div>\n\t\t<\/div>\n\t\t\t\t\t<\/div>\n\t\t<\/section>\n\t\t\t\t<section class=\"elementor-section elementor-top-section elementor-element elementor-element-8101125 elementor-section-boxed elementor-section-height-default elementor-section-height-default\" data-id=\"8101125\" data-element_type=\"section\">\n\t\t\t\t\t\t<div class=\"elementor-container elementor-column-gap-default\">\n\t\t\t\t\t<div class=\"elementor-column elementor-col-100 elementor-top-column elementor-element elementor-element-b723f6e\" data-id=\"b723f6e\" data-element_type=\"column\">\n\t\t\t<div class=\"elementor-widget-wrap elementor-element-populated\">\n\t\t\t\t\t\t<div class=\"elementor-element elementor-element-76ae068 elementor-widget elementor-widget-spacer\" data-id=\"76ae068\" data-element_type=\"widget\" data-widget_type=\"spacer.default\">\n\t\t\t\t<div class=\"elementor-widget-container\">\n\t\t\t\t\t\t\t<div class=\"elementor-spacer\">\n\t\t\t<div class=\"elementor-spacer-inner\"><\/div>\n\t\t<\/div>\n\t\t\t\t\t\t<\/div>\n\t\t\t\t<\/div>\n\t\t\t\t<div class=\"elementor-element elementor-element-45da27a elementor-align-center elementor-widget elementor-widget-button\" data-id=\"45da27a\" data-element_type=\"widget\" data-widget_type=\"button.default\">\n\t\t\t\t<div class=\"elementor-widget-container\">\n\t\t\t\t\t\t\t\t\t<div class=\"elementor-button-wrapper\">\n\t\t\t\t\t<a class=\"elementor-button elementor-button-link elementor-size-md elementor-animation-push\" href=\"\/it\/najem\/\">\n\t\t\t\t\t\t<span class=\"elementor-button-content-wrapper\">\n\t\t\t\t\t\t\t\t\t<span class=\"elementor-button-text\">Invia una richiesta di noleggio<\/span>\n\t\t\t\t\t<\/span>\n\t\t\t\t\t<\/a>\n\t\t\t\t<\/div>\n\t\t\t\t\t\t\t\t<\/div>\n\t\t\t\t<\/div>\n\t\t\t\t<div class=\"elementor-element elementor-element-5fcb7da elementor-widget elementor-widget-spacer\" data-id=\"5fcb7da\" data-element_type=\"widget\" data-widget_type=\"spacer.default\">\n\t\t\t\t<div class=\"elementor-widget-container\">\n\t\t\t\t\t\t\t<div class=\"elementor-spacer\">\n\t\t\t<div class=\"elementor-spacer-inner\"><\/div>\n\t\t<\/div>\n\t\t\t\t\t\t<\/div>\n\t\t\t\t<\/div>\n\t\t\t\t\t<\/div>\n\t\t<\/div>\n\t\t\t\t\t<\/div>\n\t\t<\/section>\n\t\t\t\t<\/div>","protected":false},"excerpt":{"rendered":"<p>Varnost in usposabljanje Ve\u010d kot 77% nezgod z dvi\u017enimi plo\u0161\u010dadmi se zgodi zaradi nepravilnega upravljanja: Razlogi, ki privedejo do nezgode so: nepoznavanje stroja, lahkomiselnost in pomanjkljivo strokovno znanje. V podjetju Vi\u0161ina d.o.o. smo s strokovnjaki razvili program usposabljanja.Te\u010daji potekajo na na\u0161i lokaciji, Vi\u0161ina d.o.o. Sermin 71A v Kopru in na Celov\u0161ki 492 1000 Ljubljana . [&hellip;]<\/p>","protected":false},"author":1,"featured_media":1785,"parent":0,"menu_order":0,"comment_status":"closed","ping_status":"closed","template":"","meta":{"om_disable_all_campaigns":false,"inline_featured_image":false,"_monsterinsights_skip_tracking":false,"_monsterinsights_sitenote_active":false,"_monsterinsights_sitenote_note":"","_monsterinsights_sitenote_category":0,"footnotes":""},"class_list":["post-312","page","type-page","status-publish","has-post-thumbnail","hentry"],"aioseo_notices":[],"_links":{"self":[{"href":"https:\/\/visina.click.si\/it\/wp-json\/wp\/v2\/pages\/312","targetHints":{"allow":["GET"]}}],"collection":[{"href":"https:\/\/visina.click.si\/it\/wp-json\/wp\/v2\/pages"}],"about":[{"href":"https:\/\/visina.click.si\/it\/wp-json\/wp\/v2\/types\/page"}],"author":[{"embeddable":true,"href":"https:\/\/visina.click.si\/it\/wp-json\/wp\/v2\/users\/1"}],"replies":[{"embeddable":true,"href":"https:\/\/visina.click.si\/it\/wp-json\/wp\/v2\/comments?post=312"}],"version-history":[{"count":182,"href":"https:\/\/visina.click.si\/it\/wp-json\/wp\/v2\/pages\/312\/revisions"}],"predecessor-version":[{"id":3907,"href":"https:\/\/visina.click.si\/it\/wp-json\/wp\/v2\/pages\/312\/revisions\/3907"}],"wp:featuredmedia":[{"embeddable":true,"href":"https:\/\/visina.click.si\/it\/wp-json\/wp\/v2\/media\/1785"}],"wp:attachment":[{"href":"https:\/\/visina.click.si\/it\/wp-json\/wp\/v2\/media?parent=312"}],"curies":[{"name":"wp","href":"https:\/\/api.w.org\/{rel}","templated":true}]}}