{"id":650,"date":"2022-08-05T13:40:43","date_gmt":"2022-08-05T13:40:43","guid":{"rendered":"https:\/\/visina.click.si\/?page_id=650"},"modified":"2022-08-16T09:45:20","modified_gmt":"2022-08-16T09:45:20","slug":"pravno-obvestilo","status":"publish","type":"page","link":"https:\/\/visina.click.si\/it\/pravno-obvestilo\/","title":{"rendered":"Avviso"},"content":{"rendered":"<div data-elementor-type=\"wp-page\" data-elementor-id=\"650\" class=\"elementor elementor-650\" data-elementor-post-type=\"page\">\n\t\t\t\t\t\t<section class=\"elementor-section elementor-top-section elementor-element elementor-element-5c04b824 elementor-section-height-min-height elementor-section-items-bottom elementor-section-boxed elementor-section-height-default\" data-id=\"5c04b824\" data-element_type=\"section\" data-settings=\"{&quot;background_background&quot;:&quot;classic&quot;}\">\n\t\t\t\t\t\t<div class=\"elementor-container elementor-column-gap-default\">\n\t\t\t\t\t<div class=\"elementor-column elementor-col-100 elementor-top-column elementor-element elementor-element-2dd76075\" data-id=\"2dd76075\" data-element_type=\"column\">\n\t\t\t<div class=\"elementor-widget-wrap elementor-element-populated\">\n\t\t\t\t\t\t<div class=\"elementor-element elementor-element-56dd47c2 elementor-widget elementor-widget-heading\" data-id=\"56dd47c2\" data-element_type=\"widget\" data-widget_type=\"heading.default\">\n\t\t\t\t<div class=\"elementor-widget-container\">\n\t\t\t\t\t<h1 class=\"elementor-heading-title elementor-size-default\">Avviso<\/h1>\t\t\t\t<\/div>\n\t\t\t\t<\/div>\n\t\t\t\t<div class=\"elementor-element elementor-element-6a3a6d0e elementor-widget elementor-widget-spacer\" data-id=\"6a3a6d0e\" data-element_type=\"widget\" data-widget_type=\"spacer.default\">\n\t\t\t\t<div class=\"elementor-widget-container\">\n\t\t\t\t\t\t\t<div class=\"elementor-spacer\">\n\t\t\t<div class=\"elementor-spacer-inner\"><\/div>\n\t\t<\/div>\n\t\t\t\t\t\t<\/div>\n\t\t\t\t<\/div>\n\t\t\t\t\t<\/div>\n\t\t<\/div>\n\t\t\t\t\t<\/div>\n\t\t<\/section>\n\t\t\t\t<section class=\"elementor-section elementor-top-section elementor-element elementor-element-41f9241d elementor-section-boxed elementor-section-height-default elementor-section-height-default\" data-id=\"41f9241d\" data-element_type=\"section\">\n\t\t\t\t\t\t<div class=\"elementor-container elementor-column-gap-default\">\n\t\t\t\t\t<div class=\"elementor-column elementor-col-100 elementor-top-column elementor-element elementor-element-51bd242\" data-id=\"51bd242\" data-element_type=\"column\">\n\t\t\t<div class=\"elementor-widget-wrap elementor-element-populated\">\n\t\t\t\t\t\t<div class=\"elementor-element elementor-element-fc921b4 elementor-widget elementor-widget-text-editor\" data-id=\"fc921b4\" data-element_type=\"widget\" data-widget_type=\"text-editor.default\">\n\t\t\t\t<div class=\"elementor-widget-container\">\n\t\t\t\t\t\t\t\t\t<h4><strong>Tutela dei diritti<\/strong><\/h4><p>Oggetto della presente informativa \u00e8 il sito web all'indirizzo www.visina.si.<\/p><p>Tutti i contenuti di questi siti web sono di propriet\u00e0 di VI\u0160INA d.o.o. (di seguito: VI\u0160INA) ed \u00e8 informativo.\u00a0<\/p><p>Noi di VI\u0160INA abbiamo progettato il nostro sito web con l'obiettivo di fornire informazioni generali sull'azienda e notizie dal mondo degli affari.<\/p><p>Accedendo a qualsiasi area del sito VI\u0160INA, l'utente accetta tutte le restrizioni e le condizioni qui stabilite. Se non sei d'accordo con loro, ti preghiamo di non accedere a questa pagina. Ti consigliamo di visitare il nostro sito e di rivedere le attuali condizioni d'uso, poich\u00e9 sono legalmente vincolanti.<\/p><p>Le informazioni ufficiali, legali e formali sulla societ\u00e0 e sulle operazioni della societ\u00e0 possono differire dalle informazioni sul sito Web della societ\u00e0.<\/p><p>\u00a0<\/p><h4><strong>Limitazione di responsabilit\u00e0<\/strong><\/h4><p>VI\u0160INA far\u00e0 del suo meglio per fornire le informazioni pi\u00f9 accurate e aggiornate sulle proprie pagine, ma si ricorda agli utenti del sito web che i testi hanno carattere informativo, pertanto non garantisce e non si assume alcuna responsabilit\u00e0 per la loro accuratezza e completezza delle pagine. Tutti i visitatori utilizzano i contenuti pubblicati a proprio rischio. VI\u0160INA si riserva il diritto di modificare, aggiungere o rimuovere il contenuto di questi siti web in qualsiasi momento, senza preavviso.<\/p><p>N\u00e9 VI\u0160INA n\u00e9 qualsiasi altra persona giuridica o fisica che ha partecipato alla creazione e creazione di questi siti web \u00e8 responsabile per il mancato funzionamento occasionale del sito web, per l'eventuale inesattezza delle informazioni, n\u00e9 per eventuali danni causati dall'uso di informazioni inesatte o incomplete, pertanto non \u00e8 responsabile per eventuali danni o disagi derivanti dall'esistenza dei siti web, dall'accesso e\/o dall'uso e\/o dall'impossibilit\u00e0 di utilizzare le informazioni presenti su tali siti e\/o per eventuali errori o carenze nel loro contenuto, indipendentemente da se sono stati informati della possibilit\u00e0 di tale danno.<\/p><p>Sul sito VI\u0160INA sono presenti anche link ad altri siti web, riferimenti, partner che non sono in alcun modo collegati a VI\u0160INA. VI\u0160INA non pu\u00f2 garantire, n\u00e9 ricevere n\u00e9 inoltrare reclami riguardanti l'accuratezza del contenuto di qualsiasi sito web al quale fornisce un collegamento o un riferimento, e non si assume alcuna responsabilit\u00e0 per la protezione dei dati su questi siti web.<\/p><h4>\u00a0<\/h4><h4><strong>Copyright<\/strong><\/h4><p>Tutte le informazioni e le immagini pubblicate sul sito web (testi, fotografie, schizzi, mappe e planimetrie, programmi informatici) sono soggette alla protezione del diritto d'autore secondo la legge sul diritto d'autore e sui diritti connessi (Gazzetta Ufficiale della Repubblica di Slovenia, n. 21\/1995 con emendamenti). Possono essere utilizzati esclusivamente per scopi didattici e non commerciali e tutti gli avvisi di copyright o altri diritti devono essere conservati e non possono essere copiati, riprodotti o altrimenti distribuiti per scopi commerciali. Qualsiasi riproduzione (copia, riproduzione, pubblicazione, trasmissione) deve citare VI\u0160INA come fonte.<\/p><p>VI\u0160INA si riserva il diritto di modificare, aggiungere o rimuovere, parzialmente o completamente, i contenuti pubblicati su questo sito in qualsiasi momento e in qualsiasi modo, indipendentemente dal motivo e senza preavviso. Tutti gli utenti utilizzano tutti i contenuti pubblicati a proprio rischio.<\/p><h4>\u00a0<\/h4><h4><strong>Tutela della privacy<\/strong><\/h4><p>VI\u0160INA si impegna a proteggere la riservatezza dei dati personali degli utenti del sito web. Utilizzeremo le informazioni raccolte esclusivamente per migliorare l'utilizzo del sito web e per gli scopi per i quali vengono fornite dagli utenti del sito web. I dati personali e le informazioni di contatto non verranno utilizzati per altri scopi e non saranno ceduti a terzi senza l'espresso consenso dell'utente del sito web. Faremo tutto il possibile per proteggere i tuoi dati personali da qualsiasi violazione e uso improprio.<\/p>\t\t\t\t\t\t\t\t<\/div>\n\t\t\t\t<\/div>\n\t\t\t\t\t<\/div>\n\t\t<\/div>\n\t\t\t\t\t<\/div>\n\t\t<\/section>\n\t\t\t\t<\/div>","protected":false},"excerpt":{"rendered":"<p>Pravno obvestilo Za\u0161\u010dita pravic Predmet tega obvestila so spletne strani na naslovu www.visina.si. Vse vsebine na teh spletnih straneh so last podjetja VI\u0160INA d.o.o. (v nadaljevanju: VI\u0160INA) in je informativne narave.\u00a0 V podjetju VI\u0160INA smo na\u0161e spletno mesto oblikovali z namenom omogo\u010diti splo\u0161ne informacije o podjetju in novice s poslovnega sveta. Vstop v katerokoli podro\u010dje [&hellip;]<\/p>","protected":false},"author":1,"featured_media":0,"parent":0,"menu_order":0,"comment_status":"closed","ping_status":"closed","template":"","meta":{"om_disable_all_campaigns":false,"inline_featured_image":false,"_monsterinsights_skip_tracking":false,"_monsterinsights_sitenote_active":false,"_monsterinsights_sitenote_note":"","_monsterinsights_sitenote_category":0,"footnotes":""},"class_list":["post-650","page","type-page","status-publish","hentry"],"aioseo_notices":[],"_links":{"self":[{"href":"https:\/\/visina.click.si\/it\/wp-json\/wp\/v2\/pages\/650","targetHints":{"allow":["GET"]}}],"collection":[{"href":"https:\/\/visina.click.si\/it\/wp-json\/wp\/v2\/pages"}],"about":[{"href":"https:\/\/visina.click.si\/it\/wp-json\/wp\/v2\/types\/page"}],"author":[{"embeddable":true,"href":"https:\/\/visina.click.si\/it\/wp-json\/wp\/v2\/users\/1"}],"replies":[{"embeddable":true,"href":"https:\/\/visina.click.si\/it\/wp-json\/wp\/v2\/comments?post=650"}],"version-history":[{"count":7,"href":"https:\/\/visina.click.si\/it\/wp-json\/wp\/v2\/pages\/650\/revisions"}],"predecessor-version":[{"id":1153,"href":"https:\/\/visina.click.si\/it\/wp-json\/wp\/v2\/pages\/650\/revisions\/1153"}],"wp:attachment":[{"href":"https:\/\/visina.click.si\/it\/wp-json\/wp\/v2\/media?parent=650"}],"curies":[{"name":"wp","href":"https:\/\/api.w.org\/{rel}","templated":true}]}}