{"id":2714,"date":"2023-05-22T14:52:32","date_gmt":"2023-05-22T12:52:32","guid":{"rendered":"https:\/\/visina.click.si\/?post_type=product&#038;p=2714"},"modified":"2023-05-24T13:28:38","modified_gmt":"2023-05-24T11:28:38","slug":"hinowa-lightlift-20-10","status":"publish","type":"product","link":"https:\/\/visina.click.si\/it\/najem\/dvizne-kosare-z-gosenicami\/hinowa-lightlift-20-10\/","title":{"rendered":"HINOWA LIGHTLIFT 20.10"},"content":{"rendered":"<p><strong>Massimo. capacit\u00e0 di carico:<\/strong> 230 kg<br \/>\n<strong>Massimo. altezza di lavoro:<\/strong>\u00a020,10 m<br \/>\n<strong>Altezza massima in piedi:<\/strong>\u00a018,00 m<br \/>\n<strong>Massimo. portata laterale:<\/strong>\u00a09,70 m<br \/>\n<strong>Girando la macchina:<\/strong>\u00a0360\u00b0<br \/>\n<strong>Peso della macchina:<\/strong>\u00a02.840 kg<br \/>\n&nbsp;<\/p>\n<p><a class=\"read-more-btn\" href=\"\/wp-content\/uploads\/2022\/09\/HINOWA-LIGHTLIFT-20.10.pdf\" target=\"_blank\" rel=\"noopener\">Scopri di pi\u00f9<\/a><\/p>","protected":false},"excerpt":{"rendered":"<p>Nosilnost: 230 kg Max. delovna vi\u0161ina:\u00a020,10 m Max vi\u0161ina stoji\u0161\u010da:\u00a018,00 m Max. stranski doseg:\u00a09,70 m Obra\u010danje stroja:\u00a0360\u00b0 Te\u017ea stroja:\u00a02.840 kg &nbsp; Preberi ve\u010d<\/p>","protected":false},"featured_media":2715,"template":"","meta":{"om_disable_all_campaigns":false,"inline_featured_image":false,"_monsterinsights_skip_tracking":false,"_monsterinsights_sitenote_active":false,"_monsterinsights_sitenote_note":"","_monsterinsights_sitenote_category":0},"product_brand":[],"product_cat":[47],"product_tag":[],"class_list":{"0":"post-2714","1":"product","2":"type-product","3":"status-publish","4":"has-post-thumbnail","6":"product_cat-dvizne-kosare-z-gosenicami","7":"pa_pogon-akumulator","8":"pa_pogon-dizel","10":"first","11":"instock","12":"shipping-taxable","13":"purchasable","14":"product-type-simple"},"aioseo_notices":[],"_links":{"self":[{"href":"https:\/\/visina.click.si\/it\/wp-json\/wp\/v2\/product\/2714","targetHints":{"allow":["GET"]}}],"collection":[{"href":"https:\/\/visina.click.si\/it\/wp-json\/wp\/v2\/product"}],"about":[{"href":"https:\/\/visina.click.si\/it\/wp-json\/wp\/v2\/types\/product"}],"wp:featuredmedia":[{"embeddable":true,"href":"https:\/\/visina.click.si\/it\/wp-json\/wp\/v2\/media\/2715"}],"wp:attachment":[{"href":"https:\/\/visina.click.si\/it\/wp-json\/wp\/v2\/media?parent=2714"}],"wp:term":[{"taxonomy":"product_brand","embeddable":true,"href":"https:\/\/visina.click.si\/it\/wp-json\/wp\/v2\/product_brand?post=2714"},{"taxonomy":"product_cat","embeddable":true,"href":"https:\/\/visina.click.si\/it\/wp-json\/wp\/v2\/product_cat?post=2714"},{"taxonomy":"product_tag","embeddable":true,"href":"https:\/\/visina.click.si\/it\/wp-json\/wp\/v2\/product_tag?post=2714"}],"curies":[{"name":"wp","href":"https:\/\/api.w.org\/{rel}","templated":true}]}}