{"id":2722,"date":"2023-05-22T15:29:53","date_gmt":"2023-05-22T13:29:53","guid":{"rendered":"https:\/\/visina.click.si\/?post_type=product&#038;p=2722"},"modified":"2023-05-24T15:08:32","modified_gmt":"2023-05-24T13:08:32","slug":"jungheinrich-dfg-320","status":"publish","type":"product","link":"https:\/\/visina.click.si\/it\/najem\/vilicarji\/jungheinrich-dfg-320\/","title":{"rendered":"JUNGHEINRICH DFG 320"},"content":{"rendered":"<p><strong>Altezza massima di sollevamento:<\/strong>\u00a04,38 m<br \/>\n<strong>Portata al baricentro della forca 500 mm:<\/strong>\u00a02.000 kg<br \/>\n<strong>Portata al baricentro della forca 1000 mm:<\/strong>\u00a01.300 kg<br \/>\n<strong>Altezza del carrello elevatore:<\/strong>\u00a02,250 m<br \/>\n<strong>Larghezza del carrello elevatore:<\/strong>\u00a01,113 m<br \/>\n<strong>Lunghezza forcella:<\/strong>\u00a01,000 m<br \/>\n<strong>Peso della macchina:<\/strong>\u00a02.980 kg<br \/>\n<strong>Motore:<\/strong>\u00a0Diesel<br \/>\n&nbsp;<\/p>\n<p><a class=\"read-more-btn\" href=\"\/wp-content\/uploads\/2022\/09\/VILICAR-DFG-320-DZ-TRIPLEX-JUNGHEINRICH.pdf\" target=\"_blank\" rel=\"noopener\">Scopri di pi\u00f9<\/a><\/p>","protected":false},"excerpt":{"rendered":"<p>Maksimalna vi\u0161ina dviga:\u00a04,38 m Nosilnost na te\u017ei\u0161\u010du vilic 500mm:\u00a02.000 kg Nosilnost na te\u017ei\u0161\u010du vilic 1000 mm:\u00a01.300 kg Vi\u0161ina vili\u010darja:\u00a02,250 m \u0160irina vili\u010darja:\u00a01,113 m Dol\u017eina vilic:\u00a01,000 m Te\u017ea stroja:\u00a02.980 kg Motor:\u00a0Dizel &nbsp; Preberi ve\u010d<\/p>","protected":false},"featured_media":2723,"template":"","meta":{"om_disable_all_campaigns":false,"inline_featured_image":false,"_monsterinsights_skip_tracking":false,"_monsterinsights_sitenote_active":false,"_monsterinsights_sitenote_note":"","_monsterinsights_sitenote_category":0},"product_brand":[],"product_cat":[48],"product_tag":[],"class_list":{"0":"post-2722","1":"product","2":"type-product","3":"status-publish","4":"has-post-thumbnail","6":"product_cat-vilicarji","7":"pa_pogon-dizel","9":"first","10":"instock","11":"shipping-taxable","12":"purchasable","13":"product-type-simple"},"aioseo_notices":[],"_links":{"self":[{"href":"https:\/\/visina.click.si\/it\/wp-json\/wp\/v2\/product\/2722","targetHints":{"allow":["GET"]}}],"collection":[{"href":"https:\/\/visina.click.si\/it\/wp-json\/wp\/v2\/product"}],"about":[{"href":"https:\/\/visina.click.si\/it\/wp-json\/wp\/v2\/types\/product"}],"wp:featuredmedia":[{"embeddable":true,"href":"https:\/\/visina.click.si\/it\/wp-json\/wp\/v2\/media\/2723"}],"wp:attachment":[{"href":"https:\/\/visina.click.si\/it\/wp-json\/wp\/v2\/media?parent=2722"}],"wp:term":[{"taxonomy":"product_brand","embeddable":true,"href":"https:\/\/visina.click.si\/it\/wp-json\/wp\/v2\/product_brand?post=2722"},{"taxonomy":"product_cat","embeddable":true,"href":"https:\/\/visina.click.si\/it\/wp-json\/wp\/v2\/product_cat?post=2722"},{"taxonomy":"product_tag","embeddable":true,"href":"https:\/\/visina.click.si\/it\/wp-json\/wp\/v2\/product_tag?post=2722"}],"curies":[{"name":"wp","href":"https:\/\/api.w.org\/{rel}","templated":true}]}}