{"id":2727,"date":"2023-05-23T09:40:58","date_gmt":"2023-05-23T07:40:58","guid":{"rendered":"https:\/\/visina.click.si\/?post_type=product&#038;p=2727"},"modified":"2023-05-24T15:09:48","modified_gmt":"2023-05-24T13:09:48","slug":"jungheinrich-dfg-435","status":"publish","type":"product","link":"https:\/\/visina.click.si\/it\/najem\/vilicarji\/jungheinrich-dfg-435\/","title":{"rendered":"JUNGHEINRICH DFG 435"},"content":{"rendered":"<p><strong>Altezza massima di sollevamento:<\/strong>\u00a05,30 m<br \/>\n<strong>Portata al baricentro della forca 500 mm:<\/strong>\u00a03.500 kg<br \/>\n<strong>Portata al baricentro della forca 700 mm:<\/strong>\u00a02.800 kg<br \/>\n<strong>Altezza del carrello elevatore:<\/strong>\u00a02,238 m<br \/>\n<strong>Larghezza del carrello elevatore:<\/strong>\u00a01,320 m<br \/>\n<strong>Lunghezza forcella:<\/strong>\u00a01,150 m<br \/>\n<strong>Peso della macchina:<\/strong>\u00a04.810 kg<br \/>\n<strong>Motore:<\/strong>\u00a0Diesel<br \/>\n&nbsp;<\/p>\n<p><a class=\"read-more-btn\" href=\"\/wp-content\/uploads\/2022\/09\/VILICAR-EFG-435-S-TRIPLEX-JUNGHEINRICH.pdf\" target=\"_blank\" rel=\"noopener\">Scopri di pi\u00f9<\/a><\/p>","protected":false},"excerpt":{"rendered":"<p>Maksimalna vi\u0161ina dviga:\u00a05,30 m Nosilnost na te\u017ei\u0161\u010du vilic 500mm:\u00a03.500 kg Nosilnost na te\u017ei\u0161\u010du vilic 700 mm:\u00a02.800 kg Vi\u0161ina vili\u010darja:\u00a02,238 m \u0160irina vili\u010darja:\u00a01,320 m Dol\u017eina vilic:\u00a01,150 m Te\u017ea stroja:\u00a04.810 kg Motor:\u00a0Dizel &nbsp; Preberi ve\u010d<\/p>","protected":false},"featured_media":2728,"template":"","meta":{"om_disable_all_campaigns":false,"inline_featured_image":false,"_monsterinsights_skip_tracking":false,"_monsterinsights_sitenote_active":false,"_monsterinsights_sitenote_note":"","_monsterinsights_sitenote_category":0},"product_brand":[],"product_cat":[48],"product_tag":[],"class_list":{"0":"post-2727","1":"product","2":"type-product","3":"status-publish","4":"has-post-thumbnail","6":"product_cat-vilicarji","7":"pa_pogon-dizel","9":"first","10":"instock","11":"shipping-taxable","12":"purchasable","13":"product-type-simple"},"aioseo_notices":[],"_links":{"self":[{"href":"https:\/\/visina.click.si\/it\/wp-json\/wp\/v2\/product\/2727","targetHints":{"allow":["GET"]}}],"collection":[{"href":"https:\/\/visina.click.si\/it\/wp-json\/wp\/v2\/product"}],"about":[{"href":"https:\/\/visina.click.si\/it\/wp-json\/wp\/v2\/types\/product"}],"wp:featuredmedia":[{"embeddable":true,"href":"https:\/\/visina.click.si\/it\/wp-json\/wp\/v2\/media\/2728"}],"wp:attachment":[{"href":"https:\/\/visina.click.si\/it\/wp-json\/wp\/v2\/media?parent=2727"}],"wp:term":[{"taxonomy":"product_brand","embeddable":true,"href":"https:\/\/visina.click.si\/it\/wp-json\/wp\/v2\/product_brand?post=2727"},{"taxonomy":"product_cat","embeddable":true,"href":"https:\/\/visina.click.si\/it\/wp-json\/wp\/v2\/product_cat?post=2727"},{"taxonomy":"product_tag","embeddable":true,"href":"https:\/\/visina.click.si\/it\/wp-json\/wp\/v2\/product_tag?post=2727"}],"curies":[{"name":"wp","href":"https:\/\/api.w.org\/{rel}","templated":true}]}}