{"id":2757,"date":"2023-05-23T13:07:31","date_gmt":"2023-05-23T11:07:31","guid":{"rendered":"https:\/\/visina.click.si\/?post_type=product&#038;p=2757"},"modified":"2023-05-23T13:08:25","modified_gmt":"2023-05-23T11:08:25","slug":"zed-20-4","status":"publish","type":"product","link":"https:\/\/visina.click.si\/it\/najem\/boom-dvizne-kosare\/zed-20-4\/","title":{"rendered":"ZED 20.4"},"content":{"rendered":"<p><strong>Altezza di lavoro:<\/strong> 20 m<br \/>\n<strong>Massimo. portata laterale:<\/strong> 8,2 m<br \/>\n<strong>Massimo. capacit\u00e0 di carico:<\/strong> 200 kg<br \/>\n<strong>Peso della macchina:<\/strong> 3,5 t<\/p>\n<p>&nbsp;<br \/>\n<a class=\"read-more-btn\" href=\"https:\/\/www.ctelift.com\/en\/products\/zed-20-4-hn\/\" target=\"_blank\" rel=\"noopener\">Scopri di pi\u00f9<\/a><\/p>","protected":false},"excerpt":{"rendered":"<p>Delovna vi\u0161ina: 20 m Max. stranski doseg: 8,2 m Nosilnost: 200 kg Te\u017ea stroja: 3,5 t &nbsp; Preberi ve\u010d<\/p>","protected":false},"featured_media":2758,"template":"","meta":{"om_disable_all_campaigns":false,"inline_featured_image":false,"_monsterinsights_skip_tracking":false,"_monsterinsights_sitenote_active":false,"_monsterinsights_sitenote_note":"","_monsterinsights_sitenote_category":0},"product_brand":[],"product_cat":[45],"product_tag":[],"class_list":{"0":"post-2757","1":"product","2":"type-product","3":"status-publish","4":"has-post-thumbnail","6":"product_cat-boom-dvizne-kosare","8":"first","9":"instock","10":"shipping-taxable","11":"purchasable","12":"product-type-simple"},"aioseo_notices":[],"_links":{"self":[{"href":"https:\/\/visina.click.si\/it\/wp-json\/wp\/v2\/product\/2757","targetHints":{"allow":["GET"]}}],"collection":[{"href":"https:\/\/visina.click.si\/it\/wp-json\/wp\/v2\/product"}],"about":[{"href":"https:\/\/visina.click.si\/it\/wp-json\/wp\/v2\/types\/product"}],"wp:featuredmedia":[{"embeddable":true,"href":"https:\/\/visina.click.si\/it\/wp-json\/wp\/v2\/media\/2758"}],"wp:attachment":[{"href":"https:\/\/visina.click.si\/it\/wp-json\/wp\/v2\/media?parent=2757"}],"wp:term":[{"taxonomy":"product_brand","embeddable":true,"href":"https:\/\/visina.click.si\/it\/wp-json\/wp\/v2\/product_brand?post=2757"},{"taxonomy":"product_cat","embeddable":true,"href":"https:\/\/visina.click.si\/it\/wp-json\/wp\/v2\/product_cat?post=2757"},{"taxonomy":"product_tag","embeddable":true,"href":"https:\/\/visina.click.si\/it\/wp-json\/wp\/v2\/product_tag?post=2757"}],"curies":[{"name":"wp","href":"https:\/\/api.w.org\/{rel}","templated":true}]}}