{"id":3185,"date":"2023-05-30T11:45:45","date_gmt":"2023-05-30T09:45:45","guid":{"rendered":"https:\/\/visina.click.si\/?post_type=product&#038;p=3185"},"modified":"2023-05-30T11:45:46","modified_gmt":"2023-05-30T09:45:46","slug":"jungheinrich-efg-316k","status":"publish","type":"product","link":"https:\/\/visina.click.si\/it\/najem\/vilicarji\/jungheinrich-efg-316k\/","title":{"rendered":"JUNGHEINRICH EFG 316K"},"content":{"rendered":"<p><strong>Altezza massima di sollevamento:<\/strong> 3,00 m<br \/>\n<strong>Portata al baricentro della forca 500 mm:<\/strong> 1.600 kg<br \/>\n<strong>Portata al baricentro della forca 700 mm:<\/strong> 1.200 kg<br \/>\n<strong>Altezza del carrello elevatore:<\/strong> 2,040 m<br \/>\n<strong>Larghezza del carrello elevatore:<\/strong> 1,060 m<br \/>\n<strong>Lunghezza forcella:<\/strong> 1,200 m<br \/>\n<strong>Peso della macchina:<\/strong> 3.035 kg<br \/>\n<strong>Motore:<\/strong>\u00a0electro<br \/>\n&nbsp;<\/p>\n<p><a class=\"read-more-btn\" href=\"\/wp-content\/uploads\/2023\/05\/efg-316.pdf\" target=\"_blank\" rel=\"noopener\">PREBERI VE\u010c<\/a><\/p>","protected":false},"excerpt":{"rendered":"<p>Maksimalna vi\u0161ina dviga: 3,00 m Nosilnost na te\u017ei\u0161\u010du vilic 500mm: 1.600 kg Nosilnost na te\u017ei\u0161\u010du vilic 700 mm: 1.200 kg Vi\u0161ina vili\u010darja: 2,040 m \u0160irina vili\u010darja: 1,060 m Dol\u017eina vilic: 1,200 m Te\u017ea stroja: 3.035 kg Motor:\u00a0elektro &nbsp; PREBERI VE\u010c<\/p>","protected":false},"featured_media":3187,"template":"","meta":{"om_disable_all_campaigns":false,"inline_featured_image":false,"_monsterinsights_skip_tracking":false,"_monsterinsights_sitenote_active":false,"_monsterinsights_sitenote_note":"","_monsterinsights_sitenote_category":0},"product_brand":[],"product_cat":[48],"product_tag":[],"class_list":{"0":"post-3185","1":"product","2":"type-product","3":"status-publish","4":"has-post-thumbnail","6":"product_cat-vilicarji","7":"pa_pogon-akumulator","9":"first","10":"instock","11":"shipping-taxable","12":"purchasable","13":"product-type-simple"},"aioseo_notices":[],"_links":{"self":[{"href":"https:\/\/visina.click.si\/it\/wp-json\/wp\/v2\/product\/3185","targetHints":{"allow":["GET"]}}],"collection":[{"href":"https:\/\/visina.click.si\/it\/wp-json\/wp\/v2\/product"}],"about":[{"href":"https:\/\/visina.click.si\/it\/wp-json\/wp\/v2\/types\/product"}],"wp:featuredmedia":[{"embeddable":true,"href":"https:\/\/visina.click.si\/it\/wp-json\/wp\/v2\/media\/3187"}],"wp:attachment":[{"href":"https:\/\/visina.click.si\/it\/wp-json\/wp\/v2\/media?parent=3185"}],"wp:term":[{"taxonomy":"product_brand","embeddable":true,"href":"https:\/\/visina.click.si\/it\/wp-json\/wp\/v2\/product_brand?post=3185"},{"taxonomy":"product_cat","embeddable":true,"href":"https:\/\/visina.click.si\/it\/wp-json\/wp\/v2\/product_cat?post=3185"},{"taxonomy":"product_tag","embeddable":true,"href":"https:\/\/visina.click.si\/it\/wp-json\/wp\/v2\/product_tag?post=3185"}],"curies":[{"name":"wp","href":"https:\/\/api.w.org\/{rel}","templated":true}]}}